{"id":5243,"date":"2013-10-17T09:48:42","date_gmt":"2013-10-17T09:48:42","guid":{"rendered":"http:\/\/www.recstores.com\/?page_id=5243"},"modified":"2015-10-23T11:46:18","modified_gmt":"2015-10-23T09:46:18","slug":"igualada-slow-shopping-activitats","status":"publish","type":"page","link":"https:\/\/www.rec0.com\/es\/igualada-slow-shopping-activitats\/","title":{"rendered":"Agenda d&#8217;activitats Igualada Slow Shopping"},"content":{"rendered":"<p class=\"qtranxs-available-languages-message qtranxs-available-languages-message-es\">Disculpa, pero esta entrada est\u00e1 disponible s\u00f3lo en <a href=\"https:\/\/www.rec0.com\/ca\/wp-json\/wp\/v2\/pages\/5243\" class=\"qtranxs-available-language-link qtranxs-available-language-link-ca\" title=\"Catal\u00e0\">Catal\u00e1n<\/a>.<\/p>","protected":false},"excerpt":{"rendered":"<p>Disculpa, pero esta entrada est\u00e1 disponible s\u00f3lo en Catal\u00e1n.<\/p>\n","protected":false},"author":1,"featured_media":0,"parent":0,"menu_order":0,"comment_status":"open","ping_status":"open","template":"page-offrec-agenda.php","meta":{"ngg_post_thumbnail":0},"yoast_head":"<!-- This site is optimized with the Yoast SEO plugin v18.2 - https:\/\/yoast.com\/wordpress\/plugins\/seo\/ -->\n<meta name=\"robots\" content=\"index, follow, max-snippet:-1, max-image-preview:large, max-video-preview:-1\" \/>\n<link rel=\"canonical\" href=\"https:\/\/www.rec0.com\/en\/igualada-slow-shopping-activitats\/\" \/>\n<meta property=\"og:locale\" content=\"es_ES\" \/>\n<meta property=\"og:type\" content=\"article\" \/>\n<meta property=\"og:title\" content=\"Agenda d&#039;activitats Igualada Slow Shopping - REC.0 Experimental Stores\" \/>\n<meta property=\"og:description\" content=\"Disculpa, pero esta entrada est\u00e1 disponible s\u00f3lo en Catal\u00e1n.\" \/>\n<meta property=\"og:url\" content=\"https:\/\/www.rec0.com\/en\/igualada-slow-shopping-activitats\/\" \/>\n<meta property=\"og:site_name\" content=\"REC.0 Experimental Stores\" \/>\n<meta property=\"article:modified_time\" content=\"2015-10-23T09:46:18+00:00\" \/>\n<meta name=\"twitter:label1\" content=\"Tiempo de lectura\" \/>\n\t<meta name=\"twitter:data1\" content=\"2 minutos\" \/>\n<script type=\"application\/ld+json\" class=\"yoast-schema-graph\">{\"@context\":\"https:\/\/schema.org\",\"@graph\":[{\"@type\":\"WebSite\",\"@id\":\"https:\/\/www.rec0.com\/es\/#website\",\"url\":\"https:\/\/www.rec0.com\/es\/\",\"name\":\"REC.0 Experimental Stores\",\"description\":\"Pop up stores al barri del Rec, a Igualada.\",\"potentialAction\":[{\"@type\":\"SearchAction\",\"target\":{\"@type\":\"EntryPoint\",\"urlTemplate\":\"https:\/\/www.rec0.com\/es\/?s={search_term_string}\"},\"query-input\":\"required name=search_term_string\"}],\"inLanguage\":\"es\"},{\"@type\":\"WebPage\",\"@id\":\"https:\/\/www.rec0.com\/en\/igualada-slow-shopping-activitats\/#webpage\",\"url\":\"https:\/\/www.rec0.com\/en\/igualada-slow-shopping-activitats\/\",\"name\":\"Agenda d'activitats Igualada Slow Shopping - REC.0 Experimental Stores\",\"isPartOf\":{\"@id\":\"https:\/\/www.rec0.com\/es\/#website\"},\"datePublished\":\"2013-10-17T09:48:42+00:00\",\"dateModified\":\"2015-10-23T09:46:18+00:00\",\"breadcrumb\":{\"@id\":\"https:\/\/www.rec0.com\/en\/igualada-slow-shopping-activitats\/#breadcrumb\"},\"inLanguage\":\"es\",\"potentialAction\":[{\"@type\":\"ReadAction\",\"target\":[\"https:\/\/www.rec0.com\/en\/igualada-slow-shopping-activitats\/\"]}]},{\"@type\":\"BreadcrumbList\",\"@id\":\"https:\/\/www.rec0.com\/en\/igualada-slow-shopping-activitats\/#breadcrumb\",\"itemListElement\":[{\"@type\":\"ListItem\",\"position\":1,\"name\":\"Agenda d&#8217;activitats Igualada Slow Shopping\"}]}]}<\/script>\n<!-- \/ Yoast SEO plugin. -->","yoast_head_json":{"robots":{"index":"index","follow":"follow","max-snippet":"max-snippet:-1","max-image-preview":"max-image-preview:large","max-video-preview":"max-video-preview:-1"},"canonical":"https:\/\/www.rec0.com\/en\/igualada-slow-shopping-activitats\/","og_locale":"es_ES","og_type":"article","og_title":"Agenda d'activitats Igualada Slow Shopping - REC.0 Experimental Stores","og_description":"Disculpa, pero esta entrada est\u00e1 disponible s\u00f3lo en Catal\u00e1n.","og_url":"https:\/\/www.rec0.com\/en\/igualada-slow-shopping-activitats\/","og_site_name":"REC.0 Experimental Stores","article_modified_time":"2015-10-23T09:46:18+00:00","twitter_misc":{"Tiempo de lectura":"2 minutos"},"schema":{"@context":"https:\/\/schema.org","@graph":[{"@type":"WebSite","@id":"https:\/\/www.rec0.com\/es\/#website","url":"https:\/\/www.rec0.com\/es\/","name":"REC.0 Experimental Stores","description":"Pop up stores al barri del Rec, a Igualada.","potentialAction":[{"@type":"SearchAction","target":{"@type":"EntryPoint","urlTemplate":"https:\/\/www.rec0.com\/es\/?s={search_term_string}"},"query-input":"required name=search_term_string"}],"inLanguage":"es"},{"@type":"WebPage","@id":"https:\/\/www.rec0.com\/en\/igualada-slow-shopping-activitats\/#webpage","url":"https:\/\/www.rec0.com\/en\/igualada-slow-shopping-activitats\/","name":"Agenda d'activitats Igualada Slow Shopping - REC.0 Experimental Stores","isPartOf":{"@id":"https:\/\/www.rec0.com\/es\/#website"},"datePublished":"2013-10-17T09:48:42+00:00","dateModified":"2015-10-23T09:46:18+00:00","breadcrumb":{"@id":"https:\/\/www.rec0.com\/en\/igualada-slow-shopping-activitats\/#breadcrumb"},"inLanguage":"es","potentialAction":[{"@type":"ReadAction","target":["https:\/\/www.rec0.com\/en\/igualada-slow-shopping-activitats\/"]}]},{"@type":"BreadcrumbList","@id":"https:\/\/www.rec0.com\/en\/igualada-slow-shopping-activitats\/#breadcrumb","itemListElement":[{"@type":"ListItem","position":1,"name":"Agenda d&#8217;activitats Igualada Slow Shopping"}]}]}},"acf":[],"_links":{"self":[{"href":"https:\/\/www.rec0.com\/es\/wp-json\/wp\/v2\/pages\/5243"}],"collection":[{"href":"https:\/\/www.rec0.com\/es\/wp-json\/wp\/v2\/pages"}],"about":[{"href":"https:\/\/www.rec0.com\/es\/wp-json\/wp\/v2\/types\/page"}],"author":[{"embeddable":true,"href":"https:\/\/www.rec0.com\/es\/wp-json\/wp\/v2\/users\/1"}],"replies":[{"embeddable":true,"href":"https:\/\/www.rec0.com\/es\/wp-json\/wp\/v2\/comments?post=5243"}],"version-history":[{"count":27,"href":"https:\/\/www.rec0.com\/es\/wp-json\/wp\/v2\/pages\/5243\/revisions"}],"predecessor-version":[{"id":6189,"href":"https:\/\/www.rec0.com\/es\/wp-json\/wp\/v2\/pages\/5243\/revisions\/6189"}],"wp:attachment":[{"href":"https:\/\/www.rec0.com\/es\/wp-json\/wp\/v2\/media?parent=5243"}],"curies":[{"name":"wp","href":"https:\/\/api.w.org\/{rel}","templated":true}]}}