{"id":52,"date":"2009-10-26T14:01:02","date_gmt":"2009-10-26T12:01:02","guid":{"rendered":"http:\/\/www.recstores.com\/?page_id=52"},"modified":"2025-10-20T11:13:38","modified_gmt":"2025-10-20T09:13:38","slug":"contacte","status":"publish","type":"page","link":"https:\/\/www.rec0.com\/es\/contacte\/","title":{"rendered":"Quiero recibir informaci\u00f3n"},"content":{"rendered":"<p><strong>Quieres ser el primero de saber todas las novedades del Rec.0?<\/strong> Llena el formulario y recibir\u00e1s el newsletter con todas las novedades de las marcas que estar\u00e1n en el Rec.0! A dem\u00e1s de los concursos, acciones especiales y actividades paralelas.<\/p>\n<p><iframe loading=\"lazy\" width=\"600px\" height=\"900\" frameborder=\"0\" src=\"https:\/\/dades.recstores.com\/form\/es\"><\/iframe><\/p>\n<ul>\n<li>Si tienes <strong>una marca o eres dise\u00f1ador de moda<\/strong>&nbsp;y quieres formar part del Rec.0, hazlo a <a href=\"mailto:info@recstores.com\">info@recstores.com<\/a>.<\/li>\n<li><strong>Quieres trabajar en el Rec.0?<\/strong> Queremos conocerte! Env\u00edanos tu curr\u00edculum en <a href=\"mailto:info@recstores.com\">info@recstores.com<\/a>.<\/li>\n<li>Si tienes&nbsp;<strong>un food truck<\/strong>&nbsp;y te interesa formar parte del Rec Street Food, nos puedes escribir a <a href=\"mailto:recstreetfood@recstores.com\">recstreetfood@recstores.com<\/a>.<\/li>\n<\/ul>\n<p>Recstores S.L.<br \/>\nC\/ del Rec, 15<br \/>\n08700 Igualada (Barcelona)<br \/>\nTelf: 938 829 413<\/p>","protected":false},"excerpt":{"rendered":"<p>Quieres ser el primero de saber todas las novedades del Rec.0? Llena el formulario y &hellip; <a href=\"https:\/\/www.rec0.com\/es\/contacte\/\">Contin\u00faa<\/a><\/p>\n","protected":false},"author":1,"featured_media":0,"parent":0,"menu_order":110,"comment_status":"open","ping_status":"closed","template":"","meta":{"ngg_post_thumbnail":0},"yoast_head":"<!-- This site is optimized with the Yoast SEO plugin v18.2 - https:\/\/yoast.com\/wordpress\/plugins\/seo\/ -->\n<meta name=\"robots\" content=\"index, follow, max-snippet:-1, max-image-preview:large, max-video-preview:-1\" \/>\n<link rel=\"canonical\" href=\"https:\/\/www.rec0.com\/contacte\/\" \/>\n<meta property=\"og:locale\" content=\"es_ES\" \/>\n<meta property=\"og:type\" content=\"article\" \/>\n<meta property=\"og:title\" content=\"Quiero recibir informaci\u00f3n - REC.0 Experimental Stores\" \/>\n<meta property=\"og:description\" content=\"Quieres ser el primero de saber todas las novedades del Rec.0? Llena el formulario y &hellip; Contin\u00faa\" \/>\n<meta property=\"og:url\" content=\"https:\/\/www.rec0.com\/contacte\/\" \/>\n<meta property=\"og:site_name\" content=\"REC.0 Experimental Stores\" \/>\n<meta property=\"article:modified_time\" content=\"2025-10-20T09:13:38+00:00\" \/>\n<meta name=\"twitter:label1\" content=\"Tiempo de lectura\" \/>\n\t<meta name=\"twitter:data1\" content=\"1 minuto\" \/>\n<script type=\"application\/ld+json\" class=\"yoast-schema-graph\">{\"@context\":\"https:\/\/schema.org\",\"@graph\":[{\"@type\":\"WebSite\",\"@id\":\"https:\/\/www.rec0.com\/es\/#website\",\"url\":\"https:\/\/www.rec0.com\/es\/\",\"name\":\"REC.0 Experimental Stores\",\"description\":\"Pop up stores al barri del Rec, a Igualada.\",\"potentialAction\":[{\"@type\":\"SearchAction\",\"target\":{\"@type\":\"EntryPoint\",\"urlTemplate\":\"https:\/\/www.rec0.com\/es\/?s={search_term_string}\"},\"query-input\":\"required name=search_term_string\"}],\"inLanguage\":\"es\"},{\"@type\":\"WebPage\",\"@id\":\"https:\/\/www.rec0.com\/contacte\/#webpage\",\"url\":\"https:\/\/www.rec0.com\/contacte\/\",\"name\":\"Quiero recibir informaci\u00f3n - REC.0 Experimental Stores\",\"isPartOf\":{\"@id\":\"https:\/\/www.rec0.com\/es\/#website\"},\"datePublished\":\"2009-10-26T12:01:02+00:00\",\"dateModified\":\"2025-10-20T09:13:38+00:00\",\"breadcrumb\":{\"@id\":\"https:\/\/www.rec0.com\/contacte\/#breadcrumb\"},\"inLanguage\":\"es\",\"potentialAction\":[{\"@type\":\"ReadAction\",\"target\":[\"https:\/\/www.rec0.com\/contacte\/\"]}]},{\"@type\":\"BreadcrumbList\",\"@id\":\"https:\/\/www.rec0.com\/contacte\/#breadcrumb\",\"itemListElement\":[{\"@type\":\"ListItem\",\"position\":1,\"name\":\"Vull rebre informaci\u00f3\"}]}]}<\/script>\n<!-- \/ Yoast SEO plugin. -->","yoast_head_json":{"robots":{"index":"index","follow":"follow","max-snippet":"max-snippet:-1","max-image-preview":"max-image-preview:large","max-video-preview":"max-video-preview:-1"},"canonical":"https:\/\/www.rec0.com\/contacte\/","og_locale":"es_ES","og_type":"article","og_title":"Quiero recibir informaci\u00f3n - REC.0 Experimental Stores","og_description":"Quieres ser el primero de saber todas las novedades del Rec.0? Llena el formulario y &hellip; Contin\u00faa","og_url":"https:\/\/www.rec0.com\/contacte\/","og_site_name":"REC.0 Experimental Stores","article_modified_time":"2025-10-20T09:13:38+00:00","twitter_misc":{"Tiempo de lectura":"1 minuto"},"schema":{"@context":"https:\/\/schema.org","@graph":[{"@type":"WebSite","@id":"https:\/\/www.rec0.com\/es\/#website","url":"https:\/\/www.rec0.com\/es\/","name":"REC.0 Experimental Stores","description":"Pop up stores al barri del Rec, a Igualada.","potentialAction":[{"@type":"SearchAction","target":{"@type":"EntryPoint","urlTemplate":"https:\/\/www.rec0.com\/es\/?s={search_term_string}"},"query-input":"required name=search_term_string"}],"inLanguage":"es"},{"@type":"WebPage","@id":"https:\/\/www.rec0.com\/contacte\/#webpage","url":"https:\/\/www.rec0.com\/contacte\/","name":"Quiero recibir informaci\u00f3n - REC.0 Experimental Stores","isPartOf":{"@id":"https:\/\/www.rec0.com\/es\/#website"},"datePublished":"2009-10-26T12:01:02+00:00","dateModified":"2025-10-20T09:13:38+00:00","breadcrumb":{"@id":"https:\/\/www.rec0.com\/contacte\/#breadcrumb"},"inLanguage":"es","potentialAction":[{"@type":"ReadAction","target":["https:\/\/www.rec0.com\/contacte\/"]}]},{"@type":"BreadcrumbList","@id":"https:\/\/www.rec0.com\/contacte\/#breadcrumb","itemListElement":[{"@type":"ListItem","position":1,"name":"Vull rebre informaci\u00f3"}]}]}},"acf":[],"_links":{"self":[{"href":"https:\/\/www.rec0.com\/es\/wp-json\/wp\/v2\/pages\/52"}],"collection":[{"href":"https:\/\/www.rec0.com\/es\/wp-json\/wp\/v2\/pages"}],"about":[{"href":"https:\/\/www.rec0.com\/es\/wp-json\/wp\/v2\/types\/page"}],"author":[{"embeddable":true,"href":"https:\/\/www.rec0.com\/es\/wp-json\/wp\/v2\/users\/1"}],"replies":[{"embeddable":true,"href":"https:\/\/www.rec0.com\/es\/wp-json\/wp\/v2\/comments?post=52"}],"version-history":[{"count":43,"href":"https:\/\/www.rec0.com\/es\/wp-json\/wp\/v2\/pages\/52\/revisions"}],"predecessor-version":[{"id":19125,"href":"https:\/\/www.rec0.com\/es\/wp-json\/wp\/v2\/pages\/52\/revisions\/19125"}],"wp:attachment":[{"href":"https:\/\/www.rec0.com\/es\/wp-json\/wp\/v2\/media?parent=52"}],"curies":[{"name":"wp","href":"https:\/\/api.w.org\/{rel}","templated":true}]}}