{"id":34,"date":"2009-10-23T12:14:34","date_gmt":"2009-10-23T10:14:34","guid":{"rendered":"http:\/\/www.recstores.com\/?page_id=34"},"modified":"2014-11-26T16:41:28","modified_gmt":"2014-11-26T16:41:28","slug":"el-barri-del-rec","status":"publish","type":"page","link":"https:\/\/www.rec0.com\/es\/el-barri-del-rec\/","title":{"rendered":"El barri del Rec"},"content":{"rendered":"<p>Igualada \u00e9s una ciutat amb un ric passat industrial. Durant segles, les seves f\u00e0briques t\u00e8xtils i les adoberies situades al barri del Rec van ser aut\u00e8ntics motors econ\u00f2mics. A mitjans del segle XX va arribar la decad\u00e8ncia i aquells edificis imponents, poc a poc, van ser abandonats. Avui se\u2019ns fa encara m\u00e9s evident l\u2019espl\u00e8ndid patrimoni arquitect\u00f2nic que van deixar aquells anys de progr\u00e9s: un barri sencer que, malgrat el temps, conserva una atmosfera particular que el fa especial.<\/p>\n<p>Al barri del Rec d\u2019Igualada hi conviuen adoberies en actiu amb velles f\u00e0briques en des\u00fas. Carrers estrets que amaguen aut\u00e8ntics tresors: grans edificis industrials del s. XIX i XX que conserven sales enormes gaireb\u00e9 tal i com eren, patis interiors, fa\u00e7anes, ornaments&#8230;. I, sempre present, el rec, un canal d\u2019aigua de 3 km que encara avui \u00a0recorre el barri d\u2019est a oest.<\/p>\n<p>Ara volem donar-li veu, almenys durant uns dies l&#8217;any. El poder de la moda i de les marques i dissenyadors presents al Rec.0 s\u00f3n decisius per a donar a con\u00e8ixer aquest tresor. Us presentem unes imatges de Roger Vel\u00e0zquez que s\u00f3n un retrat del Rec tal i com era abans.<\/p>\n<p><!-- default-view.php -->\n<div\n\tclass=\"ngg-galleryoverview default-view \"\n\tid=\"ngg-gallery-5821-1\">\n\n\t\t<!-- Thumbnails -->\n\t\t\t\t<div id=\"ngg-image-0\" class=\"ngg-gallery-thumbnail-box \" >\n\t\t\t\t        <div class=\"ngg-gallery-thumbnail\">\n            <a href=\"https:\/\/www.rec0.com\/wp-content\/gallery\/el-barri\/barri-0.jpg\"\n               title=\"\"\n               data-src=\"https:\/\/www.rec0.com\/wp-content\/gallery\/el-barri\/barri-0.jpg\"\n               data-thumbnail=\"https:\/\/www.rec0.com\/wp-content\/gallery\/el-barri\/thumbs\/thumbs_barri-0.jpg\"\n               data-image-id=\"597\"\n               data-title=\"barri-0\"\n               data-description=\"\"\n               data-image-slug=\"barri-0\"\n               class=\"ngg-simplelightbox\" rel=\"5821\">\n                <img\n                    title=\"barri-0\"\n                    alt=\"barri-0\"\n                    src=\"https:\/\/www.rec0.com\/wp-content\/gallery\/el-barri\/thumbs\/thumbs_barri-0.jpg\"\n                    width=\"100\"\n                    height=\"75\"\n                    style=\"max-width:100%;\"\n                \/>\n            <\/a>\n        <\/div>\n\t\t\t\t\t\t\t<\/div> \n\t\t\t\n\t\t\t\t<div id=\"ngg-image-1\" class=\"ngg-gallery-thumbnail-box \" >\n\t\t\t\t        <div class=\"ngg-gallery-thumbnail\">\n            <a href=\"https:\/\/www.rec0.com\/wp-content\/gallery\/el-barri\/barri-1.jpg\"\n               title=\"\"\n               data-src=\"https:\/\/www.rec0.com\/wp-content\/gallery\/el-barri\/barri-1.jpg\"\n               data-thumbnail=\"https:\/\/www.rec0.com\/wp-content\/gallery\/el-barri\/thumbs\/thumbs_barri-1.jpg\"\n               data-image-id=\"598\"\n               data-title=\"barri-1\"\n               data-description=\"\"\n               data-image-slug=\"barri-1\"\n               class=\"ngg-simplelightbox\" rel=\"5821\">\n                <img\n                    title=\"barri-1\"\n                    alt=\"barri-1\"\n                    src=\"https:\/\/www.rec0.com\/wp-content\/gallery\/el-barri\/thumbs\/thumbs_barri-1.jpg\"\n                    width=\"100\"\n                    height=\"75\"\n                    style=\"max-width:100%;\"\n                \/>\n            <\/a>\n        <\/div>\n\t\t\t\t\t\t\t<\/div> \n\t\t\t\n\t\t\t\t<div id=\"ngg-image-2\" class=\"ngg-gallery-thumbnail-box \" >\n\t\t\t\t        <div class=\"ngg-gallery-thumbnail\">\n            <a href=\"https:\/\/www.rec0.com\/wp-content\/gallery\/el-barri\/barri-2.jpg\"\n               title=\"\"\n               data-src=\"https:\/\/www.rec0.com\/wp-content\/gallery\/el-barri\/barri-2.jpg\"\n               data-thumbnail=\"https:\/\/www.rec0.com\/wp-content\/gallery\/el-barri\/thumbs\/thumbs_barri-2.jpg\"\n               data-image-id=\"599\"\n               data-title=\"barri-2\"\n               data-description=\"\"\n               data-image-slug=\"barri-2\"\n               class=\"ngg-simplelightbox\" rel=\"5821\">\n                <img\n                    title=\"barri-2\"\n                    alt=\"barri-2\"\n                    src=\"https:\/\/www.rec0.com\/wp-content\/gallery\/el-barri\/thumbs\/thumbs_barri-2.jpg\"\n                    width=\"100\"\n                    height=\"75\"\n                    style=\"max-width:100%;\"\n                \/>\n            <\/a>\n        <\/div>\n\t\t\t\t\t\t\t<\/div> \n\t\t\t\n\t\t\t\t<div id=\"ngg-image-3\" class=\"ngg-gallery-thumbnail-box \" >\n\t\t\t\t        <div class=\"ngg-gallery-thumbnail\">\n            <a href=\"https:\/\/www.rec0.com\/wp-content\/gallery\/el-barri\/barri-3.jpg\"\n               title=\"\"\n               data-src=\"https:\/\/www.rec0.com\/wp-content\/gallery\/el-barri\/barri-3.jpg\"\n               data-thumbnail=\"https:\/\/www.rec0.com\/wp-content\/gallery\/el-barri\/thumbs\/thumbs_barri-3.jpg\"\n               data-image-id=\"600\"\n               data-title=\"barri-3\"\n               data-description=\"\"\n               data-image-slug=\"barri-3\"\n               class=\"ngg-simplelightbox\" rel=\"5821\">\n                <img\n                    title=\"barri-3\"\n                    alt=\"barri-3\"\n                    src=\"https:\/\/www.rec0.com\/wp-content\/gallery\/el-barri\/thumbs\/thumbs_barri-3.jpg\"\n                    width=\"100\"\n                    height=\"75\"\n                    style=\"max-width:100%;\"\n                \/>\n            <\/a>\n        <\/div>\n\t\t\t\t\t\t\t<\/div> \n\t\t\t\n\t\t\t\t<div id=\"ngg-image-4\" class=\"ngg-gallery-thumbnail-box \" >\n\t\t\t\t        <div class=\"ngg-gallery-thumbnail\">\n            <a href=\"https:\/\/www.rec0.com\/wp-content\/gallery\/el-barri\/barri-4.jpg\"\n               title=\"\"\n               data-src=\"https:\/\/www.rec0.com\/wp-content\/gallery\/el-barri\/barri-4.jpg\"\n               data-thumbnail=\"https:\/\/www.rec0.com\/wp-content\/gallery\/el-barri\/thumbs\/thumbs_barri-4.jpg\"\n               data-image-id=\"601\"\n               data-title=\"barri-4\"\n               data-description=\"\"\n               data-image-slug=\"barri-4\"\n               class=\"ngg-simplelightbox\" rel=\"5821\">\n                <img\n                    title=\"barri-4\"\n                    alt=\"barri-4\"\n                    src=\"https:\/\/www.rec0.com\/wp-content\/gallery\/el-barri\/thumbs\/thumbs_barri-4.jpg\"\n                    width=\"100\"\n                    height=\"75\"\n                    style=\"max-width:100%;\"\n                \/>\n            <\/a>\n        <\/div>\n\t\t\t\t\t\t\t<\/div> \n\t\t\t\n\t\t\t\t<div id=\"ngg-image-5\" class=\"ngg-gallery-thumbnail-box \" >\n\t\t\t\t        <div class=\"ngg-gallery-thumbnail\">\n            <a href=\"https:\/\/www.rec0.com\/wp-content\/gallery\/el-barri\/barri-5.jpg\"\n               title=\"\"\n               data-src=\"https:\/\/www.rec0.com\/wp-content\/gallery\/el-barri\/barri-5.jpg\"\n               data-thumbnail=\"https:\/\/www.rec0.com\/wp-content\/gallery\/el-barri\/thumbs\/thumbs_barri-5.jpg\"\n               data-image-id=\"602\"\n               data-title=\"barri-5\"\n               data-description=\"\"\n               data-image-slug=\"barri-5\"\n               class=\"ngg-simplelightbox\" rel=\"5821\">\n                <img\n                    title=\"barri-5\"\n                    alt=\"barri-5\"\n                    src=\"https:\/\/www.rec0.com\/wp-content\/gallery\/el-barri\/thumbs\/thumbs_barri-5.jpg\"\n                    width=\"100\"\n                    height=\"75\"\n                    style=\"max-width:100%;\"\n                \/>\n            <\/a>\n        <\/div>\n\t\t\t\t\t\t\t<\/div> \n\t\t\t\n\t\t\t\t<div id=\"ngg-image-6\" class=\"ngg-gallery-thumbnail-box \" >\n\t\t\t\t        <div class=\"ngg-gallery-thumbnail\">\n            <a href=\"https:\/\/www.rec0.com\/wp-content\/gallery\/el-barri\/barri-6.jpg\"\n               title=\"\"\n               data-src=\"https:\/\/www.rec0.com\/wp-content\/gallery\/el-barri\/barri-6.jpg\"\n               data-thumbnail=\"https:\/\/www.rec0.com\/wp-content\/gallery\/el-barri\/thumbs\/thumbs_barri-6.jpg\"\n               data-image-id=\"603\"\n               data-title=\"barri-6\"\n               data-description=\"\"\n               data-image-slug=\"barri-6\"\n               class=\"ngg-simplelightbox\" rel=\"5821\">\n                <img\n                    title=\"barri-6\"\n                    alt=\"barri-6\"\n                    src=\"https:\/\/www.rec0.com\/wp-content\/gallery\/el-barri\/thumbs\/thumbs_barri-6.jpg\"\n                    width=\"100\"\n                    height=\"75\"\n                    style=\"max-width:100%;\"\n                \/>\n            <\/a>\n        <\/div>\n\t\t\t\t\t\t\t<\/div> \n\t\t\t\n\t\t\t\t<div id=\"ngg-image-7\" class=\"ngg-gallery-thumbnail-box \" >\n\t\t\t\t        <div class=\"ngg-gallery-thumbnail\">\n            <a href=\"https:\/\/www.rec0.com\/wp-content\/gallery\/el-barri\/barri-7.jpg\"\n               title=\"\"\n               data-src=\"https:\/\/www.rec0.com\/wp-content\/gallery\/el-barri\/barri-7.jpg\"\n               data-thumbnail=\"https:\/\/www.rec0.com\/wp-content\/gallery\/el-barri\/thumbs\/thumbs_barri-7.jpg\"\n               data-image-id=\"604\"\n               data-title=\"barri-7\"\n               data-description=\"\"\n               data-image-slug=\"barri-7\"\n               class=\"ngg-simplelightbox\" rel=\"5821\">\n                <img\n                    title=\"barri-7\"\n                    alt=\"barri-7\"\n                    src=\"https:\/\/www.rec0.com\/wp-content\/gallery\/el-barri\/thumbs\/thumbs_barri-7.jpg\"\n                    width=\"100\"\n                    height=\"75\"\n                    style=\"max-width:100%;\"\n                \/>\n            <\/a>\n        <\/div>\n\t\t\t\t\t\t\t<\/div> \n\t\t\t\n\t\t\t\t<div id=\"ngg-image-8\" class=\"ngg-gallery-thumbnail-box \" >\n\t\t\t\t        <div class=\"ngg-gallery-thumbnail\">\n            <a href=\"https:\/\/www.rec0.com\/wp-content\/gallery\/el-barri\/barri-8.jpg\"\n               title=\"\"\n               data-src=\"https:\/\/www.rec0.com\/wp-content\/gallery\/el-barri\/barri-8.jpg\"\n               data-thumbnail=\"https:\/\/www.rec0.com\/wp-content\/gallery\/el-barri\/thumbs\/thumbs_barri-8.jpg\"\n               data-image-id=\"605\"\n               data-title=\"barri-8\"\n               data-description=\"\"\n               data-image-slug=\"barri-8\"\n               class=\"ngg-simplelightbox\" rel=\"5821\">\n                <img\n                    title=\"barri-8\"\n                    alt=\"barri-8\"\n                    src=\"https:\/\/www.rec0.com\/wp-content\/gallery\/el-barri\/thumbs\/thumbs_barri-8.jpg\"\n                    width=\"100\"\n                    height=\"75\"\n                    style=\"max-width:100%;\"\n                \/>\n            <\/a>\n        <\/div>\n\t\t\t\t\t\t\t<\/div> \n\t\t\t\n\t\t\t\t<div id=\"ngg-image-9\" class=\"ngg-gallery-thumbnail-box \" >\n\t\t\t\t        <div class=\"ngg-gallery-thumbnail\">\n            <a href=\"https:\/\/www.rec0.com\/wp-content\/gallery\/el-barri\/barri-9.jpg\"\n               title=\"\"\n               data-src=\"https:\/\/www.rec0.com\/wp-content\/gallery\/el-barri\/barri-9.jpg\"\n               data-thumbnail=\"https:\/\/www.rec0.com\/wp-content\/gallery\/el-barri\/thumbs\/thumbs_barri-9.jpg\"\n               data-image-id=\"606\"\n               data-title=\"barri-9\"\n               data-description=\"\"\n               data-image-slug=\"barri-9\"\n               class=\"ngg-simplelightbox\" rel=\"5821\">\n                <img\n                    title=\"barri-9\"\n                    alt=\"barri-9\"\n                    src=\"https:\/\/www.rec0.com\/wp-content\/gallery\/el-barri\/thumbs\/thumbs_barri-9.jpg\"\n                    width=\"100\"\n                    height=\"75\"\n                    style=\"max-width:100%;\"\n                \/>\n            <\/a>\n        <\/div>\n\t\t\t\t\t\t\t<\/div> \n\t\t\t\n\t\t\t\t<div id=\"ngg-image-10\" class=\"ngg-gallery-thumbnail-box \" >\n\t\t\t\t        <div class=\"ngg-gallery-thumbnail\">\n            <a href=\"https:\/\/www.rec0.com\/wp-content\/gallery\/el-barri\/barri-10.jpg\"\n               title=\"\"\n               data-src=\"https:\/\/www.rec0.com\/wp-content\/gallery\/el-barri\/barri-10.jpg\"\n               data-thumbnail=\"https:\/\/www.rec0.com\/wp-content\/gallery\/el-barri\/thumbs\/thumbs_barri-10.jpg\"\n               data-image-id=\"607\"\n               data-title=\"barri-10\"\n               data-description=\"\"\n               data-image-slug=\"barri-10\"\n               class=\"ngg-simplelightbox\" rel=\"5821\">\n                <img\n                    title=\"barri-10\"\n                    alt=\"barri-10\"\n                    src=\"https:\/\/www.rec0.com\/wp-content\/gallery\/el-barri\/thumbs\/thumbs_barri-10.jpg\"\n                    width=\"100\"\n                    height=\"75\"\n                    style=\"max-width:100%;\"\n                \/>\n            <\/a>\n        <\/div>\n\t\t\t\t\t\t\t<\/div> \n\t\t\t\n\t\t\t\t<div id=\"ngg-image-11\" class=\"ngg-gallery-thumbnail-box \" >\n\t\t\t\t        <div class=\"ngg-gallery-thumbnail\">\n            <a href=\"https:\/\/www.rec0.com\/wp-content\/gallery\/el-barri\/barri-11.jpg\"\n               title=\"\"\n               data-src=\"https:\/\/www.rec0.com\/wp-content\/gallery\/el-barri\/barri-11.jpg\"\n               data-thumbnail=\"https:\/\/www.rec0.com\/wp-content\/gallery\/el-barri\/thumbs\/thumbs_barri-11.jpg\"\n               data-image-id=\"608\"\n               data-title=\"barri-11\"\n               data-description=\"\"\n               data-image-slug=\"barri-11\"\n               class=\"ngg-simplelightbox\" rel=\"5821\">\n                <img\n                    title=\"barri-11\"\n                    alt=\"barri-11\"\n                    src=\"https:\/\/www.rec0.com\/wp-content\/gallery\/el-barri\/thumbs\/thumbs_barri-11.jpg\"\n                    width=\"100\"\n                    height=\"75\"\n                    style=\"max-width:100%;\"\n                \/>\n            <\/a>\n        <\/div>\n\t\t\t\t\t\t\t<\/div> \n\t\t\t\n\t\t\t\t<div id=\"ngg-image-12\" class=\"ngg-gallery-thumbnail-box \" >\n\t\t\t\t        <div class=\"ngg-gallery-thumbnail\">\n            <a href=\"https:\/\/www.rec0.com\/wp-content\/gallery\/el-barri\/barri-12.jpg\"\n               title=\"\"\n               data-src=\"https:\/\/www.rec0.com\/wp-content\/gallery\/el-barri\/barri-12.jpg\"\n               data-thumbnail=\"https:\/\/www.rec0.com\/wp-content\/gallery\/el-barri\/thumbs\/thumbs_barri-12.jpg\"\n               data-image-id=\"609\"\n               data-title=\"barri-12\"\n               data-description=\"\"\n               data-image-slug=\"barri-12\"\n               class=\"ngg-simplelightbox\" rel=\"5821\">\n                <img\n                    title=\"barri-12\"\n                    alt=\"barri-12\"\n                    src=\"https:\/\/www.rec0.com\/wp-content\/gallery\/el-barri\/thumbs\/thumbs_barri-12.jpg\"\n                    width=\"100\"\n                    height=\"75\"\n                    style=\"max-width:100%;\"\n                \/>\n            <\/a>\n        <\/div>\n\t\t\t\t\t\t\t<\/div> \n\t\t\t\n\t\t\t\t<div id=\"ngg-image-13\" class=\"ngg-gallery-thumbnail-box \" >\n\t\t\t\t        <div class=\"ngg-gallery-thumbnail\">\n            <a href=\"https:\/\/www.rec0.com\/wp-content\/gallery\/el-barri\/barri-13.jpg\"\n               title=\"\"\n               data-src=\"https:\/\/www.rec0.com\/wp-content\/gallery\/el-barri\/barri-13.jpg\"\n               data-thumbnail=\"https:\/\/www.rec0.com\/wp-content\/gallery\/el-barri\/thumbs\/thumbs_barri-13.jpg\"\n               data-image-id=\"610\"\n               data-title=\"barri-13\"\n               data-description=\"\"\n               data-image-slug=\"barri-13\"\n               class=\"ngg-simplelightbox\" rel=\"5821\">\n                <img\n                    title=\"barri-13\"\n                    alt=\"barri-13\"\n                    src=\"https:\/\/www.rec0.com\/wp-content\/gallery\/el-barri\/thumbs\/thumbs_barri-13.jpg\"\n                    width=\"100\"\n                    height=\"75\"\n                    style=\"max-width:100%;\"\n                \/>\n            <\/a>\n        <\/div>\n\t\t\t\t\t\t\t<\/div> \n\t\t\t\n\t\n\t<br style=\"clear: both\" \/>\n\n\t\t<div class=\"slideshowlink\">\n        <a href='https:\/\/www.rec0.com\/es\/el-barri-del-rec\/nggallery\/slideshow'>[Show as slideshow]<\/a>\n\t\t\n\t<\/div>\n\t\n\t\t<!-- Pagination -->\n\t<div class='ngg-clear'><\/div>\t<\/div>\n<\/p>","protected":false},"excerpt":{"rendered":"<p>Igualada \u00e9s una ciutat amb un ric passat industrial. Durant segles, les seves f\u00e0briques t\u00e8xtils &hellip; <a href=\"https:\/\/www.rec0.com\/es\/el-barri-del-rec\/\">Contin\u00faa<\/a><\/p>\n","protected":false},"author":1,"featured_media":0,"parent":0,"menu_order":30,"comment_status":"open","ping_status":"closed","template":"","meta":{"ngg_post_thumbnail":0},"yoast_head":"<!-- This site is optimized with the Yoast SEO plugin v18.2 - https:\/\/yoast.com\/wordpress\/plugins\/seo\/ -->\n<meta name=\"robots\" content=\"index, follow, max-snippet:-1, max-image-preview:large, max-video-preview:-1\" \/>\n<link rel=\"canonical\" href=\"https:\/\/www.rec0.com\/en\/el-barri-del-rec\/\" \/>\n<meta property=\"og:locale\" content=\"es_ES\" \/>\n<meta property=\"og:type\" content=\"article\" \/>\n<meta property=\"og:title\" content=\"El barri del Rec - REC.0 Experimental Stores\" \/>\n<meta property=\"og:description\" content=\"Igualada \u00e9s una ciutat amb un ric passat industrial. Durant segles, les seves f\u00e0briques t\u00e8xtils &hellip; Contin\u00faa\" \/>\n<meta property=\"og:url\" content=\"https:\/\/www.rec0.com\/en\/el-barri-del-rec\/\" \/>\n<meta property=\"og:site_name\" content=\"REC.0 Experimental Stores\" \/>\n<meta property=\"article:modified_time\" content=\"2014-11-26T16:41:28+00:00\" \/>\n<meta property=\"og:image\" content=\"https:\/\/www.rec0.com\/wp-content\/uploads\/Barri-02.jpg\" \/>\n<meta name=\"twitter:label1\" content=\"Tiempo de lectura\" \/>\n\t<meta name=\"twitter:data1\" content=\"2 minutos\" \/>\n<script type=\"application\/ld+json\" class=\"yoast-schema-graph\">{\"@context\":\"https:\/\/schema.org\",\"@graph\":[{\"@type\":\"WebSite\",\"@id\":\"https:\/\/www.rec0.com\/es\/#website\",\"url\":\"https:\/\/www.rec0.com\/es\/\",\"name\":\"REC.0 Experimental Stores\",\"description\":\"Pop up stores al barri del Rec, a Igualada.\",\"potentialAction\":[{\"@type\":\"SearchAction\",\"target\":{\"@type\":\"EntryPoint\",\"urlTemplate\":\"https:\/\/www.rec0.com\/es\/?s={search_term_string}\"},\"query-input\":\"required name=search_term_string\"}],\"inLanguage\":\"es\"},{\"@type\":\"ImageObject\",\"@id\":\"https:\/\/www.rec0.com\/en\/el-barri-del-rec\/#primaryimage\",\"inLanguage\":\"es\",\"url\":\"http:\/\/www.rec0.com\/nextgen-attach_to_post\/preview\/id--5821\",\"contentUrl\":\"http:\/\/www.rec0.com\/nextgen-attach_to_post\/preview\/id--5821\"},{\"@type\":\"WebPage\",\"@id\":\"https:\/\/www.rec0.com\/en\/el-barri-del-rec\/#webpage\",\"url\":\"https:\/\/www.rec0.com\/en\/el-barri-del-rec\/\",\"name\":\"El barri del Rec - REC.0 Experimental Stores\",\"isPartOf\":{\"@id\":\"https:\/\/www.rec0.com\/es\/#website\"},\"primaryImageOfPage\":{\"@id\":\"https:\/\/www.rec0.com\/en\/el-barri-del-rec\/#primaryimage\"},\"datePublished\":\"2009-10-23T10:14:34+00:00\",\"dateModified\":\"2014-11-26T16:41:28+00:00\",\"breadcrumb\":{\"@id\":\"https:\/\/www.rec0.com\/en\/el-barri-del-rec\/#breadcrumb\"},\"inLanguage\":\"es\",\"potentialAction\":[{\"@type\":\"ReadAction\",\"target\":[\"https:\/\/www.rec0.com\/en\/el-barri-del-rec\/\"]}]},{\"@type\":\"BreadcrumbList\",\"@id\":\"https:\/\/www.rec0.com\/en\/el-barri-del-rec\/#breadcrumb\",\"itemListElement\":[{\"@type\":\"ListItem\",\"position\":1,\"name\":\"El barri del Rec\"}]}]}<\/script>\n<!-- \/ Yoast SEO plugin. -->","yoast_head_json":{"robots":{"index":"index","follow":"follow","max-snippet":"max-snippet:-1","max-image-preview":"max-image-preview:large","max-video-preview":"max-video-preview:-1"},"canonical":"https:\/\/www.rec0.com\/en\/el-barri-del-rec\/","og_locale":"es_ES","og_type":"article","og_title":"El barri del Rec - REC.0 Experimental Stores","og_description":"Igualada \u00e9s una ciutat amb un ric passat industrial. Durant segles, les seves f\u00e0briques t\u00e8xtils &hellip; Contin\u00faa","og_url":"https:\/\/www.rec0.com\/en\/el-barri-del-rec\/","og_site_name":"REC.0 Experimental Stores","article_modified_time":"2014-11-26T16:41:28+00:00","og_image":[{"url":"https:\/\/www.rec0.com\/wp-content\/uploads\/Barri-02.jpg"}],"twitter_misc":{"Tiempo de lectura":"2 minutos"},"schema":{"@context":"https:\/\/schema.org","@graph":[{"@type":"WebSite","@id":"https:\/\/www.rec0.com\/es\/#website","url":"https:\/\/www.rec0.com\/es\/","name":"REC.0 Experimental Stores","description":"Pop up stores al barri del Rec, a Igualada.","potentialAction":[{"@type":"SearchAction","target":{"@type":"EntryPoint","urlTemplate":"https:\/\/www.rec0.com\/es\/?s={search_term_string}"},"query-input":"required name=search_term_string"}],"inLanguage":"es"},{"@type":"ImageObject","@id":"https:\/\/www.rec0.com\/en\/el-barri-del-rec\/#primaryimage","inLanguage":"es","url":"http:\/\/www.rec0.com\/nextgen-attach_to_post\/preview\/id--5821","contentUrl":"http:\/\/www.rec0.com\/nextgen-attach_to_post\/preview\/id--5821"},{"@type":"WebPage","@id":"https:\/\/www.rec0.com\/en\/el-barri-del-rec\/#webpage","url":"https:\/\/www.rec0.com\/en\/el-barri-del-rec\/","name":"El barri del Rec - REC.0 Experimental Stores","isPartOf":{"@id":"https:\/\/www.rec0.com\/es\/#website"},"primaryImageOfPage":{"@id":"https:\/\/www.rec0.com\/en\/el-barri-del-rec\/#primaryimage"},"datePublished":"2009-10-23T10:14:34+00:00","dateModified":"2014-11-26T16:41:28+00:00","breadcrumb":{"@id":"https:\/\/www.rec0.com\/en\/el-barri-del-rec\/#breadcrumb"},"inLanguage":"es","potentialAction":[{"@type":"ReadAction","target":["https:\/\/www.rec0.com\/en\/el-barri-del-rec\/"]}]},{"@type":"BreadcrumbList","@id":"https:\/\/www.rec0.com\/en\/el-barri-del-rec\/#breadcrumb","itemListElement":[{"@type":"ListItem","position":1,"name":"El barri del Rec"}]}]}},"acf":[],"_links":{"self":[{"href":"https:\/\/www.rec0.com\/es\/wp-json\/wp\/v2\/pages\/34"}],"collection":[{"href":"https:\/\/www.rec0.com\/es\/wp-json\/wp\/v2\/pages"}],"about":[{"href":"https:\/\/www.rec0.com\/es\/wp-json\/wp\/v2\/types\/page"}],"author":[{"embeddable":true,"href":"https:\/\/www.rec0.com\/es\/wp-json\/wp\/v2\/users\/1"}],"replies":[{"embeddable":true,"href":"https:\/\/www.rec0.com\/es\/wp-json\/wp\/v2\/comments?post=34"}],"version-history":[{"count":39,"href":"https:\/\/www.rec0.com\/es\/wp-json\/wp\/v2\/pages\/34\/revisions"}],"predecessor-version":[{"id":7505,"href":"https:\/\/www.rec0.com\/es\/wp-json\/wp\/v2\/pages\/34\/revisions\/7505"}],"wp:attachment":[{"href":"https:\/\/www.rec0.com\/es\/wp-json\/wp\/v2\/media?parent=34"}],"curies":[{"name":"wp","href":"https:\/\/api.w.org\/{rel}","templated":true}]}}