{"id":2503,"date":"2012-05-13T15:52:47","date_gmt":"2012-05-13T13:52:47","guid":{"rendered":"http:\/\/www.recstores.com\/?page_id=2503"},"modified":"2015-07-21T13:54:13","modified_gmt":"2015-07-21T11:54:13","slug":"on-menjar-i-on-dormir","status":"publish","type":"page","link":"https:\/\/www.rec0.com\/es\/on-menjar-i-on-dormir\/","title":{"rendered":"Comer y dormir en Igualada y la Anoia"},"content":{"rendered":"<p><strong>Igualada<\/strong>\u00a0es la capital de la comarca de la\u00a0<strong>Anoia<\/strong>. Es una ciudad de tama\u00f1o mediano, muy agradable, con muchos rincones por descubrir y un entorno rural magn\u00edfico.<\/p>\n<p><strong>Rec.0 Experimental Stores<\/strong>\u00a0es una buena excusa para quedarse a dormir y pasar dos o tres d\u00edas. La restauraci\u00f3n es excelente, con muchos bares y restaurantes de gran calidad. Tambi\u00e9n hay una buena oferta hotelera, seg\u00fan las necesidades de cada uno. Os invitamos a visitar nuestra ciudad!<\/p>\n<p>Tota la informaci\u00f3 a <a title=\"www.igualada.cat\" href=\"http:\/\/www.igualada.cat\" target=\"_blank\">www.igualada.cat<\/a><\/p>","protected":false},"excerpt":{"rendered":"<p>Igualada\u00a0es la capital de la comarca de la\u00a0Anoia. Es una ciudad de tama\u00f1o mediano, muy &hellip; <a href=\"https:\/\/www.rec0.com\/es\/on-menjar-i-on-dormir\/\">Contin\u00faa<\/a><\/p>\n","protected":false},"author":1,"featured_media":0,"parent":0,"menu_order":70,"comment_status":"open","ping_status":"closed","template":"page-offrec-restaurants.php","meta":{"ngg_post_thumbnail":0},"yoast_head":"<!-- This site is optimized with the Yoast SEO plugin v18.2 - https:\/\/yoast.com\/wordpress\/plugins\/seo\/ -->\n<meta name=\"robots\" content=\"index, follow, max-snippet:-1, max-image-preview:large, max-video-preview:-1\" \/>\n<link rel=\"canonical\" href=\"https:\/\/www.rec0.com\/on-menjar-i-on-dormir\/\" \/>\n<meta property=\"og:locale\" content=\"es_ES\" \/>\n<meta property=\"og:type\" content=\"article\" \/>\n<meta property=\"og:title\" content=\"Comer y dormir en Igualada y la Anoia - REC.0 Experimental Stores\" \/>\n<meta property=\"og:description\" content=\"Igualada\u00a0es la capital de la comarca de la\u00a0Anoia. Es una ciudad de tama\u00f1o mediano, muy &hellip; Contin\u00faa\" \/>\n<meta property=\"og:url\" content=\"https:\/\/www.rec0.com\/on-menjar-i-on-dormir\/\" \/>\n<meta property=\"og:site_name\" content=\"REC.0 Experimental Stores\" \/>\n<meta property=\"article:modified_time\" content=\"2015-07-21T11:54:13+00:00\" \/>\n<meta name=\"twitter:label1\" content=\"Tiempo de lectura\" \/>\n\t<meta name=\"twitter:data1\" content=\"1 minuto\" \/>\n<script type=\"application\/ld+json\" class=\"yoast-schema-graph\">{\"@context\":\"https:\/\/schema.org\",\"@graph\":[{\"@type\":\"WebSite\",\"@id\":\"https:\/\/www.rec0.com\/es\/#website\",\"url\":\"https:\/\/www.rec0.com\/es\/\",\"name\":\"REC.0 Experimental Stores\",\"description\":\"Pop up stores al barri del Rec, a Igualada.\",\"potentialAction\":[{\"@type\":\"SearchAction\",\"target\":{\"@type\":\"EntryPoint\",\"urlTemplate\":\"https:\/\/www.rec0.com\/es\/?s={search_term_string}\"},\"query-input\":\"required name=search_term_string\"}],\"inLanguage\":\"es\"},{\"@type\":\"WebPage\",\"@id\":\"https:\/\/www.rec0.com\/on-menjar-i-on-dormir\/#webpage\",\"url\":\"https:\/\/www.rec0.com\/on-menjar-i-on-dormir\/\",\"name\":\"Comer y dormir en Igualada y la Anoia - REC.0 Experimental Stores\",\"isPartOf\":{\"@id\":\"https:\/\/www.rec0.com\/es\/#website\"},\"datePublished\":\"2012-05-13T13:52:47+00:00\",\"dateModified\":\"2015-07-21T11:54:13+00:00\",\"breadcrumb\":{\"@id\":\"https:\/\/www.rec0.com\/on-menjar-i-on-dormir\/#breadcrumb\"},\"inLanguage\":\"es\",\"potentialAction\":[{\"@type\":\"ReadAction\",\"target\":[\"https:\/\/www.rec0.com\/on-menjar-i-on-dormir\/\"]}]},{\"@type\":\"BreadcrumbList\",\"@id\":\"https:\/\/www.rec0.com\/on-menjar-i-on-dormir\/#breadcrumb\",\"itemListElement\":[{\"@type\":\"ListItem\",\"position\":1,\"name\":\"Menjar i dormir a Igualada i l&#8217;Anoia\"}]}]}<\/script>\n<!-- \/ Yoast SEO plugin. -->","yoast_head_json":{"robots":{"index":"index","follow":"follow","max-snippet":"max-snippet:-1","max-image-preview":"max-image-preview:large","max-video-preview":"max-video-preview:-1"},"canonical":"https:\/\/www.rec0.com\/on-menjar-i-on-dormir\/","og_locale":"es_ES","og_type":"article","og_title":"Comer y dormir en Igualada y la Anoia - REC.0 Experimental Stores","og_description":"Igualada\u00a0es la capital de la comarca de la\u00a0Anoia. Es una ciudad de tama\u00f1o mediano, muy &hellip; Contin\u00faa","og_url":"https:\/\/www.rec0.com\/on-menjar-i-on-dormir\/","og_site_name":"REC.0 Experimental Stores","article_modified_time":"2015-07-21T11:54:13+00:00","twitter_misc":{"Tiempo de lectura":"1 minuto"},"schema":{"@context":"https:\/\/schema.org","@graph":[{"@type":"WebSite","@id":"https:\/\/www.rec0.com\/es\/#website","url":"https:\/\/www.rec0.com\/es\/","name":"REC.0 Experimental Stores","description":"Pop up stores al barri del Rec, a Igualada.","potentialAction":[{"@type":"SearchAction","target":{"@type":"EntryPoint","urlTemplate":"https:\/\/www.rec0.com\/es\/?s={search_term_string}"},"query-input":"required name=search_term_string"}],"inLanguage":"es"},{"@type":"WebPage","@id":"https:\/\/www.rec0.com\/on-menjar-i-on-dormir\/#webpage","url":"https:\/\/www.rec0.com\/on-menjar-i-on-dormir\/","name":"Comer y dormir en Igualada y la Anoia - REC.0 Experimental Stores","isPartOf":{"@id":"https:\/\/www.rec0.com\/es\/#website"},"datePublished":"2012-05-13T13:52:47+00:00","dateModified":"2015-07-21T11:54:13+00:00","breadcrumb":{"@id":"https:\/\/www.rec0.com\/on-menjar-i-on-dormir\/#breadcrumb"},"inLanguage":"es","potentialAction":[{"@type":"ReadAction","target":["https:\/\/www.rec0.com\/on-menjar-i-on-dormir\/"]}]},{"@type":"BreadcrumbList","@id":"https:\/\/www.rec0.com\/on-menjar-i-on-dormir\/#breadcrumb","itemListElement":[{"@type":"ListItem","position":1,"name":"Menjar i dormir a Igualada i l&#8217;Anoia"}]}]}},"acf":[],"_links":{"self":[{"href":"https:\/\/www.rec0.com\/es\/wp-json\/wp\/v2\/pages\/2503"}],"collection":[{"href":"https:\/\/www.rec0.com\/es\/wp-json\/wp\/v2\/pages"}],"about":[{"href":"https:\/\/www.rec0.com\/es\/wp-json\/wp\/v2\/types\/page"}],"author":[{"embeddable":true,"href":"https:\/\/www.rec0.com\/es\/wp-json\/wp\/v2\/users\/1"}],"replies":[{"embeddable":true,"href":"https:\/\/www.rec0.com\/es\/wp-json\/wp\/v2\/comments?post=2503"}],"version-history":[{"count":38,"href":"https:\/\/www.rec0.com\/es\/wp-json\/wp\/v2\/pages\/2503\/revisions"}],"predecessor-version":[{"id":8212,"href":"https:\/\/www.rec0.com\/es\/wp-json\/wp\/v2\/pages\/2503\/revisions\/8212"}],"wp:attachment":[{"href":"https:\/\/www.rec0.com\/es\/wp-json\/wp\/v2\/media?parent=2503"}],"curies":[{"name":"wp","href":"https:\/\/api.w.org\/{rel}","templated":true}]}}