{"id":17794,"date":"2024-04-09T18:37:35","date_gmt":"2024-04-09T16:37:35","guid":{"rendered":"https:\/\/www.rec0.com\/?page_id=17794"},"modified":"2026-04-29T13:05:10","modified_gmt":"2026-04-29T12:05:10","slug":"recimperdible","status":"publish","type":"page","link":"https:\/\/www.rec0.com\/es\/recimperdible\/","title":{"rendered":"Rec Imperdible"},"content":{"rendered":"<p><\/p>\n<h2><strong>\u00a1El Rec.0 es el aparador de la moda sostenible del territorio!<\/strong><\/h2>\n<p>&nbsp;<\/p>\n<p>En primera planta del Museo de la Piel tiene lugar el <strong>espacio Rec Imperdible<\/strong> dedicado a la moda sostenible y de kil\u00f3metro cero. En este espacio se encuentran una veintena de marcas de moda sostenible: <strong>Iaios, Top Manta, Boira, Cusart, Lalita, Maral Joies, Materiarica, Nonibarea, Nuoo, Solka, Zd Zero Defects, Killing Weekend, Sepiia, Ethos, Turtlehorn.<\/strong><\/p>\n<p><img loading=\"lazy\" class=\"alignnone size-medium wp-image-18675\" src=\"https:\/\/www.rec0.com\/wp-content\/uploads\/Rec-inperdible002-630x420.jpg\" alt=\"\" width=\"630\" height=\"420\" srcset=\"https:\/\/www.rec0.com\/wp-content\/uploads\/Rec-inperdible002-630x420.jpg 630w, https:\/\/www.rec0.com\/wp-content\/uploads\/Rec-inperdible002-1024x683.jpg 1024w, https:\/\/www.rec0.com\/wp-content\/uploads\/Rec-inperdible002-1536x1024.jpg 1536w, https:\/\/www.rec0.com\/wp-content\/uploads\/Rec-inperdible002-2048x1366.jpg 2048w\" sizes=\"(max-width: 630px) 100vw, 630px\" \/><\/p>\n<p>&nbsp;<\/p>\n<p>&nbsp;<\/p>\n<p>En el espacio se realizar\u00e1 tambi\u00e9n el exitoso <strong>Mercado de Intercambio Rec.0<\/strong> el viernes 8 y s\u00e1bado 9 de noviembre. Con el apoyo de la Agencia de Residuos de Catalu\u00f1a y Roba Amiga Moda Re-, en el mercado se podr\u00e1 intercambiar ropa de adulto y hasta un m\u00e1ximo de 10 prendas por persona.<\/p>\n<p><img loading=\"lazy\" class=\"alignnone  wp-image-20922\" src=\"https:\/\/www.rec0.com\/wp-content\/uploads\/Cartell-Mercat-Intercanvi_page-0001-297x420.jpg\" alt=\"\" width=\"360\" height=\"509\" srcset=\"https:\/\/www.rec0.com\/wp-content\/uploads\/Cartell-Mercat-Intercanvi_page-0001-297x420.jpg 297w, https:\/\/www.rec0.com\/wp-content\/uploads\/Cartell-Mercat-Intercanvi_page-0001-724x1024.jpg 724w, https:\/\/www.rec0.com\/wp-content\/uploads\/Cartell-Mercat-Intercanvi_page-0001-1086x1536.jpg 1086w, https:\/\/www.rec0.com\/wp-content\/uploads\/Cartell-Mercat-Intercanvi_page-0001-1448x2048.jpg 1448w, https:\/\/www.rec0.com\/wp-content\/uploads\/Cartell-Mercat-Intercanvi_page-0001.jpg 1753w\" sizes=\"(max-width: 360px) 100vw, 360px\" \/>&nbsp; &nbsp;<img loading=\"lazy\" class=\"alignnone  wp-image-20921\" src=\"https:\/\/www.rec0.com\/wp-content\/uploads\/Cartell-funcionament-Mercat-dIntercanvi_page-0001-297x420.jpg\" alt=\"\" width=\"353\" height=\"499\" srcset=\"https:\/\/www.rec0.com\/wp-content\/uploads\/Cartell-funcionament-Mercat-dIntercanvi_page-0001-297x420.jpg 297w, https:\/\/www.rec0.com\/wp-content\/uploads\/Cartell-funcionament-Mercat-dIntercanvi_page-0001-724x1024.jpg 724w, https:\/\/www.rec0.com\/wp-content\/uploads\/Cartell-funcionament-Mercat-dIntercanvi_page-0001-1086x1536.jpg 1086w, https:\/\/www.rec0.com\/wp-content\/uploads\/Cartell-funcionament-Mercat-dIntercanvi_page-0001-1448x2048.jpg 1448w, https:\/\/www.rec0.com\/wp-content\/uploads\/Cartell-funcionament-Mercat-dIntercanvi_page-0001.jpg 1753w\" sizes=\"(max-width: 353px) 100vw, 353px\" \/>&nbsp; &nbsp;&nbsp;<\/p>\n<p>&nbsp;<\/p>\n<p><img loading=\"lazy\" class=\"alignnone size-medium wp-image-18437\" src=\"https:\/\/www.rec0.com\/wp-content\/uploads\/REC-INPERDIBLE008-631x420.jpg\" alt=\"\" width=\"631\" height=\"420\" srcset=\"https:\/\/www.rec0.com\/wp-content\/uploads\/REC-INPERDIBLE008-631x420.jpg 631w, https:\/\/www.rec0.com\/wp-content\/uploads\/REC-INPERDIBLE008-1024x682.jpg 1024w, https:\/\/www.rec0.com\/wp-content\/uploads\/REC-INPERDIBLE008-1536x1023.jpg 1536w, https:\/\/www.rec0.com\/wp-content\/uploads\/REC-INPERDIBLE008-2048x1364.jpg 2048w\" sizes=\"(max-width: 631px) 100vw, 631px\" \/><\/p>","protected":false},"excerpt":{"rendered":"<p>\u00a1El Rec.0 es el aparador de la moda sostenible del territorio! &nbsp; En primera planta &hellip; <a href=\"https:\/\/www.rec0.com\/es\/recimperdible\/\">Contin\u00faa<\/a><\/p>\n","protected":false},"author":1,"featured_media":17630,"parent":0,"menu_order":0,"comment_status":"closed","ping_status":"closed","template":"page-recimperdible.php","meta":{"ngg_post_thumbnail":0},"yoast_head":"<!-- This site is optimized with the Yoast SEO plugin v18.2 - https:\/\/yoast.com\/wordpress\/plugins\/seo\/ -->\n<meta name=\"robots\" content=\"index, follow, max-snippet:-1, max-image-preview:large, max-video-preview:-1\" \/>\n<link rel=\"canonical\" href=\"https:\/\/www.rec0.com\/recimperdible\/\" \/>\n<meta property=\"og:locale\" content=\"es_ES\" \/>\n<meta property=\"og:type\" content=\"article\" \/>\n<meta property=\"og:title\" content=\"Rec Imperdible - REC.0 Experimental Stores\" \/>\n<meta property=\"og:description\" content=\"\u00a1El Rec.0 es el aparador de la moda sostenible del territorio! &nbsp; En primera planta &hellip; Contin\u00faa\" \/>\n<meta property=\"og:url\" content=\"https:\/\/www.rec0.com\/recimperdible\/\" \/>\n<meta property=\"og:site_name\" content=\"REC.0 Experimental Stores\" \/>\n<meta property=\"article:modified_time\" content=\"2026-04-29T12:05:10+00:00\" \/>\n<meta property=\"og:image\" content=\"https:\/\/www.rec0.com\/wp-content\/uploads\/Screenshot-2023-11-06-at-18.00.31.png\" \/>\n\t<meta property=\"og:image:width\" content=\"762\" \/>\n\t<meta property=\"og:image:height\" content=\"238\" \/>\n\t<meta property=\"og:image:type\" content=\"image\/png\" \/>\n<meta name=\"twitter:label1\" content=\"Tiempo de lectura\" \/>\n\t<meta name=\"twitter:data1\" content=\"2 minutos\" \/>\n<script type=\"application\/ld+json\" class=\"yoast-schema-graph\">{\"@context\":\"https:\/\/schema.org\",\"@graph\":[{\"@type\":\"WebSite\",\"@id\":\"https:\/\/www.rec0.com\/es\/#website\",\"url\":\"https:\/\/www.rec0.com\/es\/\",\"name\":\"REC.0 Experimental Stores\",\"description\":\"Pop up stores al barri del Rec, a Igualada.\",\"potentialAction\":[{\"@type\":\"SearchAction\",\"target\":{\"@type\":\"EntryPoint\",\"urlTemplate\":\"https:\/\/www.rec0.com\/es\/?s={search_term_string}\"},\"query-input\":\"required name=search_term_string\"}],\"inLanguage\":\"es\"},{\"@type\":\"ImageObject\",\"@id\":\"https:\/\/www.rec0.com\/recimperdible\/#primaryimage\",\"inLanguage\":\"es\",\"url\":\"https:\/\/www.rec0.com\/wp-content\/uploads\/Screenshot-2023-11-06-at-18.00.31.png\",\"contentUrl\":\"https:\/\/www.rec0.com\/wp-content\/uploads\/Screenshot-2023-11-06-at-18.00.31.png\",\"width\":762,\"height\":238},{\"@type\":\"WebPage\",\"@id\":\"https:\/\/www.rec0.com\/recimperdible\/#webpage\",\"url\":\"https:\/\/www.rec0.com\/recimperdible\/\",\"name\":\"Rec Imperdible - REC.0 Experimental Stores\",\"isPartOf\":{\"@id\":\"https:\/\/www.rec0.com\/es\/#website\"},\"primaryImageOfPage\":{\"@id\":\"https:\/\/www.rec0.com\/recimperdible\/#primaryimage\"},\"datePublished\":\"2024-04-09T16:37:35+00:00\",\"dateModified\":\"2026-04-29T12:05:10+00:00\",\"breadcrumb\":{\"@id\":\"https:\/\/www.rec0.com\/recimperdible\/#breadcrumb\"},\"inLanguage\":\"es\",\"potentialAction\":[{\"@type\":\"ReadAction\",\"target\":[\"https:\/\/www.rec0.com\/recimperdible\/\"]}]},{\"@type\":\"BreadcrumbList\",\"@id\":\"https:\/\/www.rec0.com\/recimperdible\/#breadcrumb\",\"itemListElement\":[{\"@type\":\"ListItem\",\"position\":1,\"name\":\"Rec Imperdible\"}]}]}<\/script>\n<!-- \/ Yoast SEO plugin. -->","yoast_head_json":{"robots":{"index":"index","follow":"follow","max-snippet":"max-snippet:-1","max-image-preview":"max-image-preview:large","max-video-preview":"max-video-preview:-1"},"canonical":"https:\/\/www.rec0.com\/recimperdible\/","og_locale":"es_ES","og_type":"article","og_title":"Rec Imperdible - REC.0 Experimental Stores","og_description":"\u00a1El Rec.0 es el aparador de la moda sostenible del territorio! &nbsp; En primera planta &hellip; Contin\u00faa","og_url":"https:\/\/www.rec0.com\/recimperdible\/","og_site_name":"REC.0 Experimental Stores","article_modified_time":"2026-04-29T12:05:10+00:00","og_image":[{"width":762,"height":238,"url":"https:\/\/www.rec0.com\/wp-content\/uploads\/Screenshot-2023-11-06-at-18.00.31.png","type":"image\/png"}],"twitter_misc":{"Tiempo de lectura":"2 minutos"},"schema":{"@context":"https:\/\/schema.org","@graph":[{"@type":"WebSite","@id":"https:\/\/www.rec0.com\/es\/#website","url":"https:\/\/www.rec0.com\/es\/","name":"REC.0 Experimental Stores","description":"Pop up stores al barri del Rec, a Igualada.","potentialAction":[{"@type":"SearchAction","target":{"@type":"EntryPoint","urlTemplate":"https:\/\/www.rec0.com\/es\/?s={search_term_string}"},"query-input":"required name=search_term_string"}],"inLanguage":"es"},{"@type":"ImageObject","@id":"https:\/\/www.rec0.com\/recimperdible\/#primaryimage","inLanguage":"es","url":"https:\/\/www.rec0.com\/wp-content\/uploads\/Screenshot-2023-11-06-at-18.00.31.png","contentUrl":"https:\/\/www.rec0.com\/wp-content\/uploads\/Screenshot-2023-11-06-at-18.00.31.png","width":762,"height":238},{"@type":"WebPage","@id":"https:\/\/www.rec0.com\/recimperdible\/#webpage","url":"https:\/\/www.rec0.com\/recimperdible\/","name":"Rec Imperdible - REC.0 Experimental Stores","isPartOf":{"@id":"https:\/\/www.rec0.com\/es\/#website"},"primaryImageOfPage":{"@id":"https:\/\/www.rec0.com\/recimperdible\/#primaryimage"},"datePublished":"2024-04-09T16:37:35+00:00","dateModified":"2026-04-29T12:05:10+00:00","breadcrumb":{"@id":"https:\/\/www.rec0.com\/recimperdible\/#breadcrumb"},"inLanguage":"es","potentialAction":[{"@type":"ReadAction","target":["https:\/\/www.rec0.com\/recimperdible\/"]}]},{"@type":"BreadcrumbList","@id":"https:\/\/www.rec0.com\/recimperdible\/#breadcrumb","itemListElement":[{"@type":"ListItem","position":1,"name":"Rec Imperdible"}]}]}},"acf":[],"_links":{"self":[{"href":"https:\/\/www.rec0.com\/es\/wp-json\/wp\/v2\/pages\/17794"}],"collection":[{"href":"https:\/\/www.rec0.com\/es\/wp-json\/wp\/v2\/pages"}],"about":[{"href":"https:\/\/www.rec0.com\/es\/wp-json\/wp\/v2\/types\/page"}],"author":[{"embeddable":true,"href":"https:\/\/www.rec0.com\/es\/wp-json\/wp\/v2\/users\/1"}],"replies":[{"embeddable":true,"href":"https:\/\/www.rec0.com\/es\/wp-json\/wp\/v2\/comments?post=17794"}],"version-history":[{"count":54,"href":"https:\/\/www.rec0.com\/es\/wp-json\/wp\/v2\/pages\/17794\/revisions"}],"predecessor-version":[{"id":20925,"href":"https:\/\/www.rec0.com\/es\/wp-json\/wp\/v2\/pages\/17794\/revisions\/20925"}],"wp:featuredmedia":[{"embeddable":true,"href":"https:\/\/www.rec0.com\/es\/wp-json\/wp\/v2\/media\/17630"}],"wp:attachment":[{"href":"https:\/\/www.rec0.com\/es\/wp-json\/wp\/v2\/media?parent=17794"}],"curies":[{"name":"wp","href":"https:\/\/api.w.org\/{rel}","templated":true}]}}