{"id":13021,"date":"2018-05-25T11:50:13","date_gmt":"2018-05-25T09:50:13","guid":{"rendered":"http:\/\/www.rec0.com\/?page_id=13021"},"modified":"2018-05-25T11:50:13","modified_gmt":"2018-05-25T09:50:13","slug":"politica-de-cookies","status":"publish","type":"page","link":"https:\/\/www.rec0.com\/es\/politica-de-cookies\/","title":{"rendered":"Pol\u00edtica de Cookies"},"content":{"rendered":"<p><em>Mayo 2018<\/em><\/p>\n<p>Mediante el acceso y uso del web, aceptas que RECSTORES pueda utilizar <em>cookies<\/em> propias y de terceros (en concreto, Google Analytics), de sesi\u00f3n y permanentes, con la finalidad de permitir la navegaci\u00f3n mediante el web con caracter\u00edsticas predefinidas, el seguimiento y an\u00e1lisis de su comportamiento y la gesti\u00f3n de espacios publicitarios.<\/p>\n<p>Las <em>cookies<\/em> constituyen procedimientos autom\u00e1ticos de recogida de informaci\u00f3n relativa a las preferencias determinadas por un usuario de internet durante su visita en un determinado web con la finalidad de reconocerlo como usuario recorriente, personalizar el uso y facilitar una navegaci\u00f3n m\u00e1s r\u00e1pida.<\/p>\n<p>Puedes configurar tu navegador para aceptar o rechazar por defecto todas las <em>cookies<\/em>, o recibir un aviso en pantalla de la recepci\u00f3n de cada <em>cookie<\/em> y decidir en este momento su implantaci\u00f3n.<\/p>\n<p>Los procedimientos para el bloqueo y eliminaci\u00f3n de las <em>cookies<\/em> pueden diferir de un navegador de internet u otro, por lo tanto, el usuario tendr\u00e1 que consultas las instrucciones facilitadas por el navegador de internet, como las que se detallan a continuaci\u00f3n:<\/p>\n<ul>\n<li><a href=\"http:\/\/windows.microsoft.com\/es-es\/windows-vista\/block-or-allow-cookies\">Configuraci\u00f3n de\u00a0<em>cookies\u00a0<\/em>de Internet Explorer<\/a><\/li>\n<li><a href=\"https:\/\/support.mozilla.org\/es\/kb\/habilitar-y-deshabilitar-cookies-que-los-sitios-we\">Configuraci\u00f3n de\u00a0<em>cookies\u00a0<\/em>de Firefox<\/a><\/li>\n<li><a href=\"https:\/\/support.google.com\/chrome\/bin\/answer.py?hl=es&amp;answer=95647\">Configuraci\u00f3n de\u00a0<em>cookies\u00a0<\/em>de Google Chrome<\/a><\/li>\n<li><a href=\"http:\/\/support.apple.com\/kb\/HT1677?viewlocale=es_ES&amp;locale=es_ES\">Configuraci\u00f3n de\u00a0<em>cookies\u00a0<\/em>de Safari<\/a><\/li>\n<\/ul>\n<p>Estos navegadores est\u00e1n sometidos a actualizaciones o modificacions, de manera que no podemos garantizar que se ajusten completamente a la versi\u00f3n de su navegador.<\/p>\n<p>En caso que desee rechazar la utilizaci\u00f3n de <em>cookies<\/em>, puede tener limitat el uso de algunas prestaciones del web. Si contin\u00faa navegando por el web sin denegar su autorizaci\u00f3n, implica que acepta su uso por parte de RECSTORES.<\/p>\n<p>Para cualquier cuesti\u00f3n adicional relacionada con el uso de cookies, puede enviar su petici\u00f3n mediante un correo electr\u00f3nico en\u00a0<a href=\"mailto:info@recstores.com\">info@recstores.com<\/a>.<\/p>","protected":false},"excerpt":{"rendered":"<p>Mayo 2018 Mediante el acceso y uso del web, aceptas que RECSTORES pueda utilizar cookies &hellip; <a href=\"https:\/\/www.rec0.com\/es\/politica-de-cookies\/\">Contin\u00faa<\/a><\/p>\n","protected":false},"author":2,"featured_media":0,"parent":0,"menu_order":0,"comment_status":"closed","ping_status":"closed","template":"","meta":{"ngg_post_thumbnail":0},"yoast_head":"<!-- This site is optimized with the Yoast SEO plugin v18.2 - https:\/\/yoast.com\/wordpress\/plugins\/seo\/ -->\n<meta name=\"robots\" content=\"index, follow, max-snippet:-1, max-image-preview:large, max-video-preview:-1\" \/>\n<link rel=\"canonical\" href=\"https:\/\/www.rec0.com\/politica-de-cookies\/\" \/>\n<meta property=\"og:locale\" content=\"es_ES\" \/>\n<meta property=\"og:type\" content=\"article\" \/>\n<meta property=\"og:title\" content=\"Pol\u00edtica de Cookies - REC.0 Experimental Stores\" \/>\n<meta property=\"og:description\" content=\"Mayo 2018 Mediante el acceso y uso del web, aceptas que RECSTORES pueda utilizar cookies &hellip; Contin\u00faa\" \/>\n<meta property=\"og:url\" content=\"https:\/\/www.rec0.com\/politica-de-cookies\/\" \/>\n<meta property=\"og:site_name\" content=\"REC.0 Experimental Stores\" \/>\n<meta name=\"twitter:label1\" content=\"Tiempo de lectura\" \/>\n\t<meta name=\"twitter:data1\" content=\"3 minutos\" \/>\n<script type=\"application\/ld+json\" class=\"yoast-schema-graph\">{\"@context\":\"https:\/\/schema.org\",\"@graph\":[{\"@type\":\"WebSite\",\"@id\":\"https:\/\/www.rec0.com\/es\/#website\",\"url\":\"https:\/\/www.rec0.com\/es\/\",\"name\":\"REC.0 Experimental Stores\",\"description\":\"Pop up stores al barri del Rec, a Igualada.\",\"potentialAction\":[{\"@type\":\"SearchAction\",\"target\":{\"@type\":\"EntryPoint\",\"urlTemplate\":\"https:\/\/www.rec0.com\/es\/?s={search_term_string}\"},\"query-input\":\"required name=search_term_string\"}],\"inLanguage\":\"es\"},{\"@type\":\"WebPage\",\"@id\":\"https:\/\/www.rec0.com\/politica-de-cookies\/#webpage\",\"url\":\"https:\/\/www.rec0.com\/politica-de-cookies\/\",\"name\":\"Pol\u00edtica de Cookies - REC.0 Experimental Stores\",\"isPartOf\":{\"@id\":\"https:\/\/www.rec0.com\/es\/#website\"},\"datePublished\":\"2018-05-25T09:50:13+00:00\",\"dateModified\":\"2018-05-25T09:50:13+00:00\",\"breadcrumb\":{\"@id\":\"https:\/\/www.rec0.com\/politica-de-cookies\/#breadcrumb\"},\"inLanguage\":\"es\",\"potentialAction\":[{\"@type\":\"ReadAction\",\"target\":[\"https:\/\/www.rec0.com\/politica-de-cookies\/\"]}]},{\"@type\":\"BreadcrumbList\",\"@id\":\"https:\/\/www.rec0.com\/politica-de-cookies\/#breadcrumb\",\"itemListElement\":[{\"@type\":\"ListItem\",\"position\":1,\"name\":\"Pol\u00edtica de Cookies\"}]}]}<\/script>\n<!-- \/ Yoast SEO plugin. -->","yoast_head_json":{"robots":{"index":"index","follow":"follow","max-snippet":"max-snippet:-1","max-image-preview":"max-image-preview:large","max-video-preview":"max-video-preview:-1"},"canonical":"https:\/\/www.rec0.com\/politica-de-cookies\/","og_locale":"es_ES","og_type":"article","og_title":"Pol\u00edtica de Cookies - REC.0 Experimental Stores","og_description":"Mayo 2018 Mediante el acceso y uso del web, aceptas que RECSTORES pueda utilizar cookies &hellip; Contin\u00faa","og_url":"https:\/\/www.rec0.com\/politica-de-cookies\/","og_site_name":"REC.0 Experimental Stores","twitter_misc":{"Tiempo de lectura":"3 minutos"},"schema":{"@context":"https:\/\/schema.org","@graph":[{"@type":"WebSite","@id":"https:\/\/www.rec0.com\/es\/#website","url":"https:\/\/www.rec0.com\/es\/","name":"REC.0 Experimental Stores","description":"Pop up stores al barri del Rec, a Igualada.","potentialAction":[{"@type":"SearchAction","target":{"@type":"EntryPoint","urlTemplate":"https:\/\/www.rec0.com\/es\/?s={search_term_string}"},"query-input":"required name=search_term_string"}],"inLanguage":"es"},{"@type":"WebPage","@id":"https:\/\/www.rec0.com\/politica-de-cookies\/#webpage","url":"https:\/\/www.rec0.com\/politica-de-cookies\/","name":"Pol\u00edtica de Cookies - REC.0 Experimental Stores","isPartOf":{"@id":"https:\/\/www.rec0.com\/es\/#website"},"datePublished":"2018-05-25T09:50:13+00:00","dateModified":"2018-05-25T09:50:13+00:00","breadcrumb":{"@id":"https:\/\/www.rec0.com\/politica-de-cookies\/#breadcrumb"},"inLanguage":"es","potentialAction":[{"@type":"ReadAction","target":["https:\/\/www.rec0.com\/politica-de-cookies\/"]}]},{"@type":"BreadcrumbList","@id":"https:\/\/www.rec0.com\/politica-de-cookies\/#breadcrumb","itemListElement":[{"@type":"ListItem","position":1,"name":"Pol\u00edtica de Cookies"}]}]}},"acf":[],"_links":{"self":[{"href":"https:\/\/www.rec0.com\/es\/wp-json\/wp\/v2\/pages\/13021"}],"collection":[{"href":"https:\/\/www.rec0.com\/es\/wp-json\/wp\/v2\/pages"}],"about":[{"href":"https:\/\/www.rec0.com\/es\/wp-json\/wp\/v2\/types\/page"}],"author":[{"embeddable":true,"href":"https:\/\/www.rec0.com\/es\/wp-json\/wp\/v2\/users\/2"}],"replies":[{"embeddable":true,"href":"https:\/\/www.rec0.com\/es\/wp-json\/wp\/v2\/comments?post=13021"}],"version-history":[{"count":1,"href":"https:\/\/www.rec0.com\/es\/wp-json\/wp\/v2\/pages\/13021\/revisions"}],"predecessor-version":[{"id":13022,"href":"https:\/\/www.rec0.com\/es\/wp-json\/wp\/v2\/pages\/13021\/revisions\/13022"}],"wp:attachment":[{"href":"https:\/\/www.rec0.com\/es\/wp-json\/wp\/v2\/media?parent=13021"}],"curies":[{"name":"wp","href":"https:\/\/api.w.org\/{rel}","templated":true}]}}