{"id":13004,"date":"2018-05-21T12:04:58","date_gmt":"2018-05-21T10:04:58","guid":{"rendered":"http:\/\/www.rec0.com\/?page_id=13004"},"modified":"2026-04-16T16:56:23","modified_gmt":"2026-04-16T15:56:23","slug":"politica-de-privacitat-recstores","status":"publish","type":"page","link":"https:\/\/www.rec0.com\/es\/politica-de-privacitat-recstores\/","title":{"rendered":"Aviso Legal y Pol\u00edtica de Privacidad"},"content":{"rendered":"<p><\/p>\n<h2>RECSTORES, SL<\/h2>\n<p><em>Informaci\u00f3n sobre Protecci\u00f3n de Datos<\/em><\/p>\n<h3>1. Datos relativos al Responsable<\/h3>\n<h4>Responsable del Tratamiento<\/h4>\n<ul>\n<li><strong>Entidad:<\/strong> RECSTORES SL<\/li>\n<li><strong>CIF de la entidad:<\/strong> B65785917<\/li>\n<li><strong>Direcci\u00f3n de la entidad:<\/strong> C\/ Rec, 15 \u2013 08700 Igualada<\/li>\n<li><strong>Email de la entidad:<\/strong> <a href=\"mailto:info@recstores.com\">info@recstores.com<\/a><\/li>\n<li><strong>Responsable del tratamiento:<\/strong> Marina Iglesias Valls<\/li>\n<li><strong>Tel\u00e9fono del responsable:<\/strong> <a href=\"tel:+34938829413\">93 882 94 13<\/a><\/li>\n<li><strong>Email del responsable:<\/strong> <a href=\"mailto:info@recstores.com\">info@recstores.com<\/a><\/li>\n<\/ul>\n<h3>2. Finalidades<\/h3>\n<p>En cumplimiento de lo dispuesto en el Reglamento Europeo 2016\/679 General de Protecci\u00f3n de Datos y la Ley Org\u00e1nica 3\/2018 de Protecci\u00f3n de Datos Personales y Garant\u00eda de Derechos Digitales, le informamos de que, dependiendo de la relaci\u00f3n que tenga con nosotros, en <strong>RECSTORES SL<\/strong> tratamos los datos que nos facilita para alguna, o todas, las siguientes finalidades:<\/p>\n<ul>\n<li>Archivo \/ historial de trabajadores y extrabajadores de la empresa.<\/li>\n<li>Compra \/ venta de material.<\/li>\n<li>Coordinaci\u00f3n de actividades empresariales.<\/li>\n<li>Creaci\u00f3n de contratos, confecci\u00f3n de n\u00f3minas y otras tareas relacionadas.<\/li>\n<li>Env\u00edo de informaci\u00f3n comercial de la entidad mediante correo postal, correo electr\u00f3nico u otros medios.<\/li>\n<li>Gesti\u00f3n contable, administrativa, de facturaci\u00f3n, de cobros y pagos.<\/li>\n<li>Mantenimiento de la relaci\u00f3n laboral y contraprestaci\u00f3n por los trabajos realizados.<\/li>\n<li>Prestaci\u00f3n de un servicio.<\/li>\n<li>Publicaci\u00f3n de datos de car\u00e1cter personal en las diferentes redes sociales u otros m\u00e9todos de publicaci\u00f3n.<\/li>\n<li>Realizaci\u00f3n de procesos de selecci\u00f3n de personal en funci\u00f3n de las capacidades, aptitudes y otros datos de inter\u00e9s incluidos en el curr\u00edculum.<\/li>\n<li>Recepci\u00f3n de la prestaci\u00f3n de un servicio.<\/li>\n<li>Servicio postventa y fidelizaci\u00f3n.<\/li>\n<li>Tramitaci\u00f3n de altas y bajas por enfermedad com\u00fan o accidente laboral.<\/li>\n<li>Tratamiento de datos para cursos y formaciones.<\/li>\n<\/ul>\n<h3>3. Plazo de conservaci\u00f3n de los datos<\/h3>\n<p>Sus datos ser\u00e1n conservados mientras dure la relaci\u00f3n contractual, comercial o de otro tipo con nuestra entidad, hasta que solicite su supresi\u00f3n, as\u00ed como el tiempo necesario para cumplir las obligaciones legales.<\/p>\n<h3>4. Legitimaci\u00f3n<\/h3>\n<p>La base legal para el tratamiento de sus datos se fundamenta en:<\/p>\n<ul>\n<li>El consentimiento inequ\u00edvoco.<\/li>\n<li>La ejecuci\u00f3n de un contrato.<\/li>\n<\/ul>\n<h3>5. Destinatarios<\/h3>\n<p>Sus datos personales ser\u00e1n comunicados a terceros en los siguientes supuestos:<\/p>\n<ul>\n<li>Otros responsables del tratamiento.<\/li>\n<li>Administraci\u00f3n tributaria.<\/li>\n<li>Bancos y entidades financieras.<\/li>\n<li>Entidades de consultor\u00eda \/ auditor\u00eda.<\/li>\n<li>Entidades inform\u00e1ticas de mantenimiento de software y hardware.<\/li>\n<li>Gestor\u00eda \/ asesor\u00eda.<\/li>\n<li>Seguridad Social.<\/li>\n<li>Servicio de Prevenci\u00f3n de Riesgos Laborales.<\/li>\n<\/ul>\n<h3>6. Derechos<\/h3>\n<p>Tiene derecho a obtener confirmaci\u00f3n sobre si en <strong>RECSTORES SL<\/strong> estamos tratando datos personales que le conciernan.<\/p>\n<p>Asimismo, tiene derecho de <em>acceso<\/em> a sus datos personales, as\u00ed como a solicitar la <em>rectificaci\u00f3n<\/em> de los datos inexactos o, en su caso, solicitar su <em>supresi\u00f3n<\/em> cuando, entre otros motivos, los datos ya no sean necesarios para los fines para los que fueron recogidos.<\/p>\n<p>En determinadas circunstancias, podr\u00e1 solicitar la <em>limitaci\u00f3n del tratamiento<\/em> de sus datos; en ese caso, \u00fanicamente los conservaremos para el ejercicio o la defensa de reclamaciones.<\/p>\n<p>Adicionalmente, en determinadas circunstancias y por motivos relacionados con su situaci\u00f3n particular, podr\u00e1 ejercer el derecho de <em>oposici\u00f3n<\/em> al tratamiento de sus datos. <strong>RECSTORES SL<\/strong> dejar\u00e1 de tratarlos, salvo por motivos leg\u00edtimos imperiosos, o para el ejercicio o la defensa de posibles reclamaciones.<\/p>\n<p>Asimismo, puede ejercer el derecho a la <em>portabilidad<\/em> de los datos, as\u00ed como retirar los consentimientos facilitados en cualquier momento, sin que ello afecte a la licitud del tratamiento basado en el consentimiento previo a su retirada.<\/p>\n<p>Si desea hacer uso de cualquiera de estos derechos, puede hacerlo a trav\u00e9s de los enlaces siguientes:<\/p>\n<ul>\n<li><a href=\"https:\/\/intranet.milopd.com\/webApp\/clientes_derechos\/derechos-formulario.php?id_cliente=ajliYW1Dc3BhT1FEd3lneEhZbzluUT09\">Ejercer el derecho de <strong>acceso<\/strong><\/a><\/li>\n<li><a href=\"https:\/\/intranet.milopd.com\/webApp\/clientes_derechos\/derechos-formulario.php?id_cliente=ajliYW1Dc3BhT1FEd3lneEhZbzluUT09\">Ejercer el derecho de <strong>rectificaci\u00f3n<\/strong><\/a><\/li>\n<li><a href=\"https:\/\/intranet.milopd.com\/webApp\/clientes_derechos\/derechos-formulario.php?id_cliente=ajliYW1Dc3BhT1FEd3lneEhZbzluUT09\">Ejercer el derecho de <strong>supresi\u00f3n (olvido)<\/strong><\/a><\/li>\n<li><a href=\"https:\/\/intranet.milopd.com\/webApp\/clientes_derechos\/derechos-formulario.php?id_cliente=ajliYW1Dc3BhT1FEd3lneEhZbzluUT09\">Ejercer el derecho de <strong>limitaci\u00f3n del tratamiento<\/strong><\/a><\/li>\n<li><a href=\"https:\/\/intranet.milopd.com\/webApp\/clientes_derechos\/derechos-formulario.php?id_cliente=ajliYW1Dc3BhT1FEd3lneEhZbzluUT09\">Ejercer el derecho de <strong>oposici\u00f3n<\/strong><\/a><\/li>\n<li><a href=\"https:\/\/intranet.milopd.com\/webApp\/clientes_derechos\/derechos-formulario.php?id_cliente=ajliYW1Dc3BhT1FEd3lneEhZbzluUT09\">Ejercer el derecho de <strong>portabilidad<\/strong><\/a><\/li>\n<\/ul>\n<p>De forma alternativa, tambi\u00e9n puede dirigirse a nosotros mediante correo postal a la siguiente direcci\u00f3n: <strong>C\/ Rec, 15 \u2013 08700 Igualada<\/strong>, adjuntando una fotocopia del DNI para la certeza de su identidad. Recuerde facilitar la mayor informaci\u00f3n posible sobre su solicitud: nombre y apellidos, y direcci\u00f3n de correo electr\u00f3nico que utiliza para la cuenta o portal objeto de la solicitud.<\/p>\n<p>Por \u00faltimo, le informamos que puede dirigirse ante la Agencia Espa\u00f1ola de Protecci\u00f3n de Datos y dem\u00e1s organismos p\u00fablicos competentes para cualquier reclamaci\u00f3n derivada del tratamiento de sus datos personales.<\/p>\n<h3>7. Pol\u00edtica de cookies<\/h3>\n<p>Para conocer las cookies que utilizamos en nuestra p\u00e1gina, puede acceder a nuestra <a href=\"https:\/\/intranet.milopd.com\/politicaCookies\/index.php?sid=ajliYW1Dc3BhT1FEd3lneEhZbzluUT09\">Pol\u00edtica de Cookies<\/a>.<\/p>\n<p><\/p>","protected":false},"excerpt":{"rendered":"<p>RECSTORES, SL Informaci\u00f3n sobre Protecci\u00f3n de Datos 1. Datos relativos al Responsable Responsable del Tratamiento &hellip; <a href=\"https:\/\/www.rec0.com\/es\/politica-de-privacitat-recstores\/\">Contin\u00faa<\/a><\/p>\n","protected":false},"author":2,"featured_media":0,"parent":0,"menu_order":0,"comment_status":"closed","ping_status":"closed","template":"","meta":{"ngg_post_thumbnail":0},"yoast_head":"<!-- This site is optimized with the Yoast SEO plugin v18.2 - https:\/\/yoast.com\/wordpress\/plugins\/seo\/ -->\n<meta name=\"robots\" content=\"index, follow, max-snippet:-1, max-image-preview:large, max-video-preview:-1\" \/>\n<link rel=\"canonical\" href=\"https:\/\/www.rec0.com\/politica-de-privacitat-recstores\/\" \/>\n<meta property=\"og:locale\" content=\"es_ES\" \/>\n<meta property=\"og:type\" content=\"article\" \/>\n<meta property=\"og:title\" content=\"Aviso Legal y Pol\u00edtica de Privacidad - REC.0 Experimental Stores\" \/>\n<meta property=\"og:description\" content=\"RECSTORES, SL Informaci\u00f3n sobre Protecci\u00f3n de Datos 1. Datos relativos al Responsable Responsable del Tratamiento &hellip; Contin\u00faa\" \/>\n<meta property=\"og:url\" content=\"https:\/\/www.rec0.com\/politica-de-privacitat-recstores\/\" \/>\n<meta property=\"og:site_name\" content=\"REC.0 Experimental Stores\" \/>\n<meta property=\"article:modified_time\" content=\"2026-04-16T15:56:23+00:00\" \/>\n<meta name=\"twitter:label1\" content=\"Tiempo de lectura\" \/>\n\t<meta name=\"twitter:data1\" content=\"4 minutos\" \/>\n<script type=\"application\/ld+json\" class=\"yoast-schema-graph\">{\"@context\":\"https:\/\/schema.org\",\"@graph\":[{\"@type\":\"WebSite\",\"@id\":\"https:\/\/www.rec0.com\/es\/#website\",\"url\":\"https:\/\/www.rec0.com\/es\/\",\"name\":\"REC.0 Experimental Stores\",\"description\":\"Pop up stores al barri del Rec, a Igualada.\",\"potentialAction\":[{\"@type\":\"SearchAction\",\"target\":{\"@type\":\"EntryPoint\",\"urlTemplate\":\"https:\/\/www.rec0.com\/es\/?s={search_term_string}\"},\"query-input\":\"required name=search_term_string\"}],\"inLanguage\":\"es\"},{\"@type\":\"WebPage\",\"@id\":\"https:\/\/www.rec0.com\/politica-de-privacitat-recstores\/#webpage\",\"url\":\"https:\/\/www.rec0.com\/politica-de-privacitat-recstores\/\",\"name\":\"Aviso Legal y Pol\u00edtica de Privacidad - REC.0 Experimental Stores\",\"isPartOf\":{\"@id\":\"https:\/\/www.rec0.com\/es\/#website\"},\"datePublished\":\"2018-05-21T10:04:58+00:00\",\"dateModified\":\"2026-04-16T15:56:23+00:00\",\"breadcrumb\":{\"@id\":\"https:\/\/www.rec0.com\/politica-de-privacitat-recstores\/#breadcrumb\"},\"inLanguage\":\"es\",\"potentialAction\":[{\"@type\":\"ReadAction\",\"target\":[\"https:\/\/www.rec0.com\/politica-de-privacitat-recstores\/\"]}]},{\"@type\":\"BreadcrumbList\",\"@id\":\"https:\/\/www.rec0.com\/politica-de-privacitat-recstores\/#breadcrumb\",\"itemListElement\":[{\"@type\":\"ListItem\",\"position\":1,\"name\":\"Av\u00eds Legal i Pol\u00edtica de Privacitat\"}]}]}<\/script>\n<!-- \/ Yoast SEO plugin. -->","yoast_head_json":{"robots":{"index":"index","follow":"follow","max-snippet":"max-snippet:-1","max-image-preview":"max-image-preview:large","max-video-preview":"max-video-preview:-1"},"canonical":"https:\/\/www.rec0.com\/politica-de-privacitat-recstores\/","og_locale":"es_ES","og_type":"article","og_title":"Aviso Legal y Pol\u00edtica de Privacidad - REC.0 Experimental Stores","og_description":"RECSTORES, SL Informaci\u00f3n sobre Protecci\u00f3n de Datos 1. Datos relativos al Responsable Responsable del Tratamiento &hellip; Contin\u00faa","og_url":"https:\/\/www.rec0.com\/politica-de-privacitat-recstores\/","og_site_name":"REC.0 Experimental Stores","article_modified_time":"2026-04-16T15:56:23+00:00","twitter_misc":{"Tiempo de lectura":"4 minutos"},"schema":{"@context":"https:\/\/schema.org","@graph":[{"@type":"WebSite","@id":"https:\/\/www.rec0.com\/es\/#website","url":"https:\/\/www.rec0.com\/es\/","name":"REC.0 Experimental Stores","description":"Pop up stores al barri del Rec, a Igualada.","potentialAction":[{"@type":"SearchAction","target":{"@type":"EntryPoint","urlTemplate":"https:\/\/www.rec0.com\/es\/?s={search_term_string}"},"query-input":"required name=search_term_string"}],"inLanguage":"es"},{"@type":"WebPage","@id":"https:\/\/www.rec0.com\/politica-de-privacitat-recstores\/#webpage","url":"https:\/\/www.rec0.com\/politica-de-privacitat-recstores\/","name":"Aviso Legal y Pol\u00edtica de Privacidad - REC.0 Experimental Stores","isPartOf":{"@id":"https:\/\/www.rec0.com\/es\/#website"},"datePublished":"2018-05-21T10:04:58+00:00","dateModified":"2026-04-16T15:56:23+00:00","breadcrumb":{"@id":"https:\/\/www.rec0.com\/politica-de-privacitat-recstores\/#breadcrumb"},"inLanguage":"es","potentialAction":[{"@type":"ReadAction","target":["https:\/\/www.rec0.com\/politica-de-privacitat-recstores\/"]}]},{"@type":"BreadcrumbList","@id":"https:\/\/www.rec0.com\/politica-de-privacitat-recstores\/#breadcrumb","itemListElement":[{"@type":"ListItem","position":1,"name":"Av\u00eds Legal i Pol\u00edtica de Privacitat"}]}]}},"acf":[],"_links":{"self":[{"href":"https:\/\/www.rec0.com\/es\/wp-json\/wp\/v2\/pages\/13004"}],"collection":[{"href":"https:\/\/www.rec0.com\/es\/wp-json\/wp\/v2\/pages"}],"about":[{"href":"https:\/\/www.rec0.com\/es\/wp-json\/wp\/v2\/types\/page"}],"author":[{"embeddable":true,"href":"https:\/\/www.rec0.com\/es\/wp-json\/wp\/v2\/users\/2"}],"replies":[{"embeddable":true,"href":"https:\/\/www.rec0.com\/es\/wp-json\/wp\/v2\/comments?post=13004"}],"version-history":[{"count":23,"href":"https:\/\/www.rec0.com\/es\/wp-json\/wp\/v2\/pages\/13004\/revisions"}],"predecessor-version":[{"id":20755,"href":"https:\/\/www.rec0.com\/es\/wp-json\/wp\/v2\/pages\/13004\/revisions\/20755"}],"wp:attachment":[{"href":"https:\/\/www.rec0.com\/es\/wp-json\/wp\/v2\/media?parent=13004"}],"curies":[{"name":"wp","href":"https:\/\/api.w.org\/{rel}","templated":true}]}}