{"id":11304,"date":"2017-05-12T10:02:36","date_gmt":"2017-05-12T08:02:36","guid":{"rendered":"http:\/\/www.rec0.com\/?page_id=11304"},"modified":"2017-05-12T10:05:54","modified_gmt":"2017-05-12T08:05:54","slug":"les-accions-de-les-marques","status":"publish","type":"page","link":"https:\/\/www.rec0.com\/es\/les-accions-de-les-marques\/","title":{"rendered":"Las acciones especiales de las marcas"},"content":{"rendered":"<p>Las marcas del Rec.015, adem\u00e1s de hacer descuentos del 60% al 80% tambi\u00e9n hacen otras acciones especials como sorteos, concursos, regalos&#8230;<\/p>\n<p>Aqu\u00ed las ten\u00e9is todas!<\/p>\n<ul>\n<li><strong>Levi&#8217;s:\u00a0<\/strong>por todas las compras superiores a 59\u20ac, una camiseta city tee de Levi&#8217;s edici\u00f3n limitada especial para el Rec.015<\/li>\n<li><strong>New Zealand Auckland:<\/strong>\u00a0Para cada compra superiora 39.905 un helado de regalo en la salida. Y por cada compra superior a 99.90\u20ac un polo (de ropa) de regalo!<\/li>\n<li><strong>Sita Murt<\/strong>: Participa en el concurso de instagram para ganar una camiseta Sita Murt.<\/li>\n<li><strong>Jordi Rafart:<\/strong>\u00a0Todas las clientas del Rec.015 pueden participar en el sorteo de una prenda de su colecci\u00f3n actual.<\/li>\n<li><strong>Antonio Mir\u00f3:<\/strong>\u00a0 Para todas las compras superiores a 50\u20ac, un sombrero de paja de regalo!<\/li>\n<li><strong>Les Chausseurs:<\/strong>\u00a0Para cada compra una camiseta de regalo. A dem\u00e1s, sortear\u00e1n 8 vales de compra de 30\u20ac para gastar en su tienda online o de Barcelona, para conseguirlo participa en su sorteo en Instagram!<\/li>\n<li><strong>WHO:<\/strong>\u00a0el primer cliente del d\u00eda tiene regalo! Y el primer cliente a partir de las 19h tiene un mojito gratis en el food truck La Vie en Chrome.<\/li>\n<li><strong>Micu Micu: <\/strong>Por cada compra, una bolsa multiusos de regalo!<\/li>\n<li><strong>Macson<\/strong>: sorteo de entre todas las compras de la fragancia Macson75.<\/li>\n<li><strong>Kaotiko:\u00a0<\/strong>Llena el boleto para participar y ganar regalos de Kaotiko! En su misma pop up store, cada d\u00eda un ganador.<\/li>\n<li><strong>BUFF<\/strong>: Muestra mediante una app cuantos km has hecho por el Rec.015, si eres el REC WALKER (el que ha hecho m\u00e1s km) tendr\u00e1s un vale de 30\u20ac de regalo.<\/li>\n<li><strong>Dona Kolors:\u00a0<\/strong>Marca social que estar\u00e1 en el pop up day Estrella Damm el viernes 12 de mayo. Para cada compra superior a 20\u20ac, un llavero muy especial de regalo hecho por las mujeres con riesgo de exclusi\u00f3n social que forman parte del proyecto.<\/li>\n<li><strong>Susi Sweet Dress:\u00a0<\/strong>Taller de trenzas el s\u00e1bado 13 de mayo de 11 a 15h y de 16 a 19h.<\/li>\n<\/ul>\n<p><\/p>","protected":false},"excerpt":{"rendered":"<p>Las marcas del Rec.015, adem\u00e1s de hacer descuentos del 60% al 80% tambi\u00e9n hacen otras &hellip; <a href=\"https:\/\/www.rec0.com\/es\/les-accions-de-les-marques\/\">Contin\u00faa<\/a><\/p>\n","protected":false},"author":2,"featured_media":11310,"parent":0,"menu_order":0,"comment_status":"closed","ping_status":"closed","template":"","meta":{"ngg_post_thumbnail":0},"yoast_head":"<!-- This site is optimized with the Yoast SEO plugin v18.2 - https:\/\/yoast.com\/wordpress\/plugins\/seo\/ -->\n<meta name=\"robots\" content=\"index, follow, max-snippet:-1, max-image-preview:large, max-video-preview:-1\" \/>\n<link rel=\"canonical\" href=\"https:\/\/www.rec0.com\/les-accions-de-les-marques\/\" \/>\n<meta property=\"og:locale\" content=\"es_ES\" \/>\n<meta property=\"og:type\" content=\"article\" \/>\n<meta property=\"og:title\" content=\"Las acciones especiales de las marcas - REC.0 Experimental Stores\" \/>\n<meta property=\"og:description\" content=\"Las marcas del Rec.015, adem\u00e1s de hacer descuentos del 60% al 80% tambi\u00e9n hacen otras &hellip; Contin\u00faa\" \/>\n<meta property=\"og:url\" content=\"https:\/\/www.rec0.com\/les-accions-de-les-marques\/\" \/>\n<meta property=\"og:site_name\" content=\"REC.0 Experimental Stores\" \/>\n<meta property=\"article:modified_time\" content=\"2017-05-12T08:05:54+00:00\" \/>\n<meta property=\"og:image\" content=\"https:\/\/www.rec0.com\/wp-content\/uploads\/samarreta-levis.jpg\" \/>\n\t<meta property=\"og:image:width\" content=\"1486\" \/>\n\t<meta property=\"og:image:height\" content=\"1751\" \/>\n\t<meta property=\"og:image:type\" content=\"image\/jpeg\" \/>\n<meta name=\"twitter:label1\" content=\"Tiempo de lectura\" \/>\n\t<meta name=\"twitter:data1\" content=\"4 minutos\" \/>\n<script type=\"application\/ld+json\" class=\"yoast-schema-graph\">{\"@context\":\"https:\/\/schema.org\",\"@graph\":[{\"@type\":\"WebSite\",\"@id\":\"https:\/\/www.rec0.com\/es\/#website\",\"url\":\"https:\/\/www.rec0.com\/es\/\",\"name\":\"REC.0 Experimental Stores\",\"description\":\"Pop up stores al barri del Rec, a Igualada.\",\"potentialAction\":[{\"@type\":\"SearchAction\",\"target\":{\"@type\":\"EntryPoint\",\"urlTemplate\":\"https:\/\/www.rec0.com\/es\/?s={search_term_string}\"},\"query-input\":\"required name=search_term_string\"}],\"inLanguage\":\"es\"},{\"@type\":\"ImageObject\",\"@id\":\"https:\/\/www.rec0.com\/les-accions-de-les-marques\/#primaryimage\",\"inLanguage\":\"es\",\"url\":\"https:\/\/www.rec0.com\/wp-content\/uploads\/samarreta-levis.jpg\",\"contentUrl\":\"https:\/\/www.rec0.com\/wp-content\/uploads\/samarreta-levis.jpg\",\"width\":1486,\"height\":1751},{\"@type\":\"WebPage\",\"@id\":\"https:\/\/www.rec0.com\/les-accions-de-les-marques\/#webpage\",\"url\":\"https:\/\/www.rec0.com\/les-accions-de-les-marques\/\",\"name\":\"Las acciones especiales de las marcas - REC.0 Experimental Stores\",\"isPartOf\":{\"@id\":\"https:\/\/www.rec0.com\/es\/#website\"},\"primaryImageOfPage\":{\"@id\":\"https:\/\/www.rec0.com\/les-accions-de-les-marques\/#primaryimage\"},\"datePublished\":\"2017-05-12T08:02:36+00:00\",\"dateModified\":\"2017-05-12T08:05:54+00:00\",\"breadcrumb\":{\"@id\":\"https:\/\/www.rec0.com\/les-accions-de-les-marques\/#breadcrumb\"},\"inLanguage\":\"es\",\"potentialAction\":[{\"@type\":\"ReadAction\",\"target\":[\"https:\/\/www.rec0.com\/les-accions-de-les-marques\/\"]}]},{\"@type\":\"BreadcrumbList\",\"@id\":\"https:\/\/www.rec0.com\/les-accions-de-les-marques\/#breadcrumb\",\"itemListElement\":[{\"@type\":\"ListItem\",\"position\":1,\"name\":\"Les accions de les marques\"}]}]}<\/script>\n<!-- \/ Yoast SEO plugin. -->","yoast_head_json":{"robots":{"index":"index","follow":"follow","max-snippet":"max-snippet:-1","max-image-preview":"max-image-preview:large","max-video-preview":"max-video-preview:-1"},"canonical":"https:\/\/www.rec0.com\/les-accions-de-les-marques\/","og_locale":"es_ES","og_type":"article","og_title":"Las acciones especiales de las marcas - REC.0 Experimental Stores","og_description":"Las marcas del Rec.015, adem\u00e1s de hacer descuentos del 60% al 80% tambi\u00e9n hacen otras &hellip; Contin\u00faa","og_url":"https:\/\/www.rec0.com\/les-accions-de-les-marques\/","og_site_name":"REC.0 Experimental Stores","article_modified_time":"2017-05-12T08:05:54+00:00","og_image":[{"width":1486,"height":1751,"url":"https:\/\/www.rec0.com\/wp-content\/uploads\/samarreta-levis.jpg","type":"image\/jpeg"}],"twitter_misc":{"Tiempo de lectura":"4 minutos"},"schema":{"@context":"https:\/\/schema.org","@graph":[{"@type":"WebSite","@id":"https:\/\/www.rec0.com\/es\/#website","url":"https:\/\/www.rec0.com\/es\/","name":"REC.0 Experimental Stores","description":"Pop up stores al barri del Rec, a Igualada.","potentialAction":[{"@type":"SearchAction","target":{"@type":"EntryPoint","urlTemplate":"https:\/\/www.rec0.com\/es\/?s={search_term_string}"},"query-input":"required name=search_term_string"}],"inLanguage":"es"},{"@type":"ImageObject","@id":"https:\/\/www.rec0.com\/les-accions-de-les-marques\/#primaryimage","inLanguage":"es","url":"https:\/\/www.rec0.com\/wp-content\/uploads\/samarreta-levis.jpg","contentUrl":"https:\/\/www.rec0.com\/wp-content\/uploads\/samarreta-levis.jpg","width":1486,"height":1751},{"@type":"WebPage","@id":"https:\/\/www.rec0.com\/les-accions-de-les-marques\/#webpage","url":"https:\/\/www.rec0.com\/les-accions-de-les-marques\/","name":"Las acciones especiales de las marcas - REC.0 Experimental Stores","isPartOf":{"@id":"https:\/\/www.rec0.com\/es\/#website"},"primaryImageOfPage":{"@id":"https:\/\/www.rec0.com\/les-accions-de-les-marques\/#primaryimage"},"datePublished":"2017-05-12T08:02:36+00:00","dateModified":"2017-05-12T08:05:54+00:00","breadcrumb":{"@id":"https:\/\/www.rec0.com\/les-accions-de-les-marques\/#breadcrumb"},"inLanguage":"es","potentialAction":[{"@type":"ReadAction","target":["https:\/\/www.rec0.com\/les-accions-de-les-marques\/"]}]},{"@type":"BreadcrumbList","@id":"https:\/\/www.rec0.com\/les-accions-de-les-marques\/#breadcrumb","itemListElement":[{"@type":"ListItem","position":1,"name":"Les accions de les marques"}]}]}},"acf":[],"_links":{"self":[{"href":"https:\/\/www.rec0.com\/es\/wp-json\/wp\/v2\/pages\/11304"}],"collection":[{"href":"https:\/\/www.rec0.com\/es\/wp-json\/wp\/v2\/pages"}],"about":[{"href":"https:\/\/www.rec0.com\/es\/wp-json\/wp\/v2\/types\/page"}],"author":[{"embeddable":true,"href":"https:\/\/www.rec0.com\/es\/wp-json\/wp\/v2\/users\/2"}],"replies":[{"embeddable":true,"href":"https:\/\/www.rec0.com\/es\/wp-json\/wp\/v2\/comments?post=11304"}],"version-history":[{"count":1,"href":"https:\/\/www.rec0.com\/es\/wp-json\/wp\/v2\/pages\/11304\/revisions"}],"predecessor-version":[{"id":11306,"href":"https:\/\/www.rec0.com\/es\/wp-json\/wp\/v2\/pages\/11304\/revisions\/11306"}],"wp:featuredmedia":[{"embeddable":true,"href":"https:\/\/www.rec0.com\/es\/wp-json\/wp\/v2\/media\/11310"}],"wp:attachment":[{"href":"https:\/\/www.rec0.com\/es\/wp-json\/wp\/v2\/media?parent=11304"}],"curies":[{"name":"wp","href":"https:\/\/api.w.org\/{rel}","templated":true}]}}