{"id":11000,"date":"2017-04-24T12:08:46","date_gmt":"2017-04-24T10:08:46","guid":{"rendered":"http:\/\/www.rec0.com\/?page_id=11000"},"modified":"2023-10-31T14:35:18","modified_gmt":"2023-10-31T12:35:18","slug":"igualada","status":"publish","type":"page","link":"https:\/\/www.rec0.com\/es\/igualada\/","title":{"rendered":"Igualada"},"content":{"rendered":"<p><strong>Igualada<\/strong>&nbsp;es la capital de la comarca de la&nbsp;<strong>Anoia<\/strong>. Es una ciudad de tama\u00f1o mediano, muy agradable, con muchos rincones por descubrir y un entorno rural magn\u00edfico.<\/p>\n<p><strong>Rec.0 <\/strong>es una buena excusa para quedarse a dormir y pasar dos o tres d\u00edas. La restauraci\u00f3n es excelente, con muchos bares y restaurantes de gran calidad. Tambi\u00e9n hay una buena oferta hotelera, seg\u00fan las necesidades de cada uno. Os invitamos a visitar nuestra ciudad!<\/p>\n<p>Los comercios de Igualada tambi\u00e9n celebran Rec.0 y durante toda la semana har\u00e1n descuentos en sus establecimientos Toda la informaci\u00f3n en <a href=\"https:\/\/www.comer\u00e7igualada.cat\/igualada-slow-shopping\/\">www.comer\u00e7igualada.cat\/igualada-slow-shopping\/<\/a><\/p>\n<p>&nbsp;<\/p>\n<p>&nbsp;<\/p>\n<p>&nbsp;<\/p>","protected":false},"excerpt":{"rendered":"<p>Igualada&nbsp;es la capital de la comarca de la&nbsp;Anoia. Es una ciudad de tama\u00f1o mediano, muy &hellip; <a href=\"https:\/\/www.rec0.com\/es\/igualada\/\">Contin\u00faa<\/a><\/p>\n","protected":false},"author":1,"featured_media":0,"parent":0,"menu_order":0,"comment_status":"closed","ping_status":"closed","template":"page-offrec-restaurants.php","meta":{"ngg_post_thumbnail":0},"yoast_head":"<!-- This site is optimized with the Yoast SEO plugin v18.2 - https:\/\/yoast.com\/wordpress\/plugins\/seo\/ -->\n<meta name=\"robots\" content=\"index, follow, max-snippet:-1, max-image-preview:large, max-video-preview:-1\" \/>\n<link rel=\"canonical\" href=\"https:\/\/www.rec0.com\/igualada\/\" \/>\n<meta property=\"og:locale\" content=\"es_ES\" \/>\n<meta property=\"og:type\" content=\"article\" \/>\n<meta property=\"og:title\" content=\"Igualada - REC.0 Experimental Stores\" \/>\n<meta property=\"og:description\" content=\"Igualada&nbsp;es la capital de la comarca de la&nbsp;Anoia. Es una ciudad de tama\u00f1o mediano, muy &hellip; Contin\u00faa\" \/>\n<meta property=\"og:url\" content=\"https:\/\/www.rec0.com\/igualada\/\" \/>\n<meta property=\"og:site_name\" content=\"REC.0 Experimental Stores\" \/>\n<meta property=\"article:modified_time\" content=\"2023-10-31T12:35:18+00:00\" \/>\n<meta name=\"twitter:label1\" content=\"Tiempo de lectura\" \/>\n\t<meta name=\"twitter:data1\" content=\"1 minuto\" \/>\n<script type=\"application\/ld+json\" class=\"yoast-schema-graph\">{\"@context\":\"https:\/\/schema.org\",\"@graph\":[{\"@type\":\"WebSite\",\"@id\":\"https:\/\/www.rec0.com\/es\/#website\",\"url\":\"https:\/\/www.rec0.com\/es\/\",\"name\":\"REC.0 Experimental Stores\",\"description\":\"Pop up stores al barri del Rec, a Igualada.\",\"potentialAction\":[{\"@type\":\"SearchAction\",\"target\":{\"@type\":\"EntryPoint\",\"urlTemplate\":\"https:\/\/www.rec0.com\/es\/?s={search_term_string}\"},\"query-input\":\"required name=search_term_string\"}],\"inLanguage\":\"es\"},{\"@type\":\"WebPage\",\"@id\":\"https:\/\/www.rec0.com\/igualada\/#webpage\",\"url\":\"https:\/\/www.rec0.com\/igualada\/\",\"name\":\"Igualada - REC.0 Experimental Stores\",\"isPartOf\":{\"@id\":\"https:\/\/www.rec0.com\/es\/#website\"},\"datePublished\":\"2017-04-24T10:08:46+00:00\",\"dateModified\":\"2023-10-31T12:35:18+00:00\",\"breadcrumb\":{\"@id\":\"https:\/\/www.rec0.com\/igualada\/#breadcrumb\"},\"inLanguage\":\"es\",\"potentialAction\":[{\"@type\":\"ReadAction\",\"target\":[\"https:\/\/www.rec0.com\/igualada\/\"]}]},{\"@type\":\"BreadcrumbList\",\"@id\":\"https:\/\/www.rec0.com\/igualada\/#breadcrumb\",\"itemListElement\":[{\"@type\":\"ListItem\",\"position\":1,\"name\":\"Igualada\"}]}]}<\/script>\n<!-- \/ Yoast SEO plugin. -->","yoast_head_json":{"robots":{"index":"index","follow":"follow","max-snippet":"max-snippet:-1","max-image-preview":"max-image-preview:large","max-video-preview":"max-video-preview:-1"},"canonical":"https:\/\/www.rec0.com\/igualada\/","og_locale":"es_ES","og_type":"article","og_title":"Igualada - REC.0 Experimental Stores","og_description":"Igualada&nbsp;es la capital de la comarca de la&nbsp;Anoia. Es una ciudad de tama\u00f1o mediano, muy &hellip; Contin\u00faa","og_url":"https:\/\/www.rec0.com\/igualada\/","og_site_name":"REC.0 Experimental Stores","article_modified_time":"2023-10-31T12:35:18+00:00","twitter_misc":{"Tiempo de lectura":"1 minuto"},"schema":{"@context":"https:\/\/schema.org","@graph":[{"@type":"WebSite","@id":"https:\/\/www.rec0.com\/es\/#website","url":"https:\/\/www.rec0.com\/es\/","name":"REC.0 Experimental Stores","description":"Pop up stores al barri del Rec, a Igualada.","potentialAction":[{"@type":"SearchAction","target":{"@type":"EntryPoint","urlTemplate":"https:\/\/www.rec0.com\/es\/?s={search_term_string}"},"query-input":"required name=search_term_string"}],"inLanguage":"es"},{"@type":"WebPage","@id":"https:\/\/www.rec0.com\/igualada\/#webpage","url":"https:\/\/www.rec0.com\/igualada\/","name":"Igualada - REC.0 Experimental Stores","isPartOf":{"@id":"https:\/\/www.rec0.com\/es\/#website"},"datePublished":"2017-04-24T10:08:46+00:00","dateModified":"2023-10-31T12:35:18+00:00","breadcrumb":{"@id":"https:\/\/www.rec0.com\/igualada\/#breadcrumb"},"inLanguage":"es","potentialAction":[{"@type":"ReadAction","target":["https:\/\/www.rec0.com\/igualada\/"]}]},{"@type":"BreadcrumbList","@id":"https:\/\/www.rec0.com\/igualada\/#breadcrumb","itemListElement":[{"@type":"ListItem","position":1,"name":"Igualada"}]}]}},"acf":[],"_links":{"self":[{"href":"https:\/\/www.rec0.com\/es\/wp-json\/wp\/v2\/pages\/11000"}],"collection":[{"href":"https:\/\/www.rec0.com\/es\/wp-json\/wp\/v2\/pages"}],"about":[{"href":"https:\/\/www.rec0.com\/es\/wp-json\/wp\/v2\/types\/page"}],"author":[{"embeddable":true,"href":"https:\/\/www.rec0.com\/es\/wp-json\/wp\/v2\/users\/1"}],"replies":[{"embeddable":true,"href":"https:\/\/www.rec0.com\/es\/wp-json\/wp\/v2\/comments?post=11000"}],"version-history":[{"count":21,"href":"https:\/\/www.rec0.com\/es\/wp-json\/wp\/v2\/pages\/11000\/revisions"}],"predecessor-version":[{"id":17604,"href":"https:\/\/www.rec0.com\/es\/wp-json\/wp\/v2\/pages\/11000\/revisions\/17604"}],"wp:attachment":[{"href":"https:\/\/www.rec0.com\/es\/wp-json\/wp\/v2\/media?parent=11000"}],"curies":[{"name":"wp","href":"https:\/\/api.w.org\/{rel}","templated":true}]}}